{"id":1418,"date":"2018-04-09T03:13:50","date_gmt":"2018-04-09T03:13:50","guid":{"rendered":"http:\/\/sw-themes.com\/porto_dummy\/product\/import-placeholder-for-1336\/"},"modified":"2024-12-06T09:03:25","modified_gmt":"2024-12-06T09:03:25","slug":"s5200lx","status":"publish","type":"product","link":"https:\/\/vietcard.com.vn\/index.php\/product\/s5200lx\/","title":{"rendered":"S5200LX"},"content":{"rendered":"<p><strong>T\u00cdNH LINH HO\u1ea0T \u0110\u01af\u1ee2C TH\u00caM V\u00c0O<\/strong><\/p>\n<p>M\u00e1y <strong>S5200LX<\/strong> \u0111\u01b0\u1ee3c nh\u1eafm m\u1ee5c ti\u00eau \u0111\u1ec3 h\u1ed7 tr\u1ee3 c\u00e1c d\u1ef1 \u00e1n ph\u00e1t h\u00e0nh cho th\u1ebb \u0111\u1eb7c bi\u1ec7t s\u1ed1 l\u01b0\u1ee3ng th\u1ea5p. Nh\u1edd c\u00f4ng ngh\u1ec7 laser m\u1edbi nh\u1ea5t \u0111\u01b0\u1ee3c s\u1eed d\u1ee5ng, kh\u1ea3 n\u0103ng kh\u1eafc \u0111\u1ea3m b\u1ea3o hi\u1ec7u su\u1ea5t tuy\u1ec7t v\u1eddi v\u1ec1 ch\u1ea5t l\u01b0\u1ee3ng v\u00e0 t\u1ed1c \u0111\u1ed9 x\u1eed l\u00fd tr\u00ean h\u1ea7u h\u1ebft c\u00e1c v\u1eadt li\u1ec7u \u0111\u01b0\u1ee3c s\u1eed d\u1ee5ng cho c\u00e1c \u1ee9ng d\u1ee5ng ti\u00eau chu\u1ea9n v\u00e0 \u0111\u1eb7c bi\u1ec7t, bao g\u1ed3m PVC v\u00e0 PVH \u0111\u1ebfn polycarbonate, v\u00e0 ABS \u0111\u1ec3 ph\u1ee7 kim lo\u1ea1i.<\/p>\n<p>C\u00e1c t\u00ednh n\u0103ng kh\u1eafc c\u1ee7a m\u00e1y <strong>S5200LX<\/strong> \u0111\u01b0\u1ee3c t\u1ea1o ra \u0111\u1ec3 \u0111\u00e1p \u1ee9ng c\u00e1c y\u00eau c\u1ea7u kh\u1eaft khe trong vi\u1ec7c ph\u00e1t h\u00e0nh t\u00e0i ch\u00ednh &#8211; tu\u00e2n th\u1ee7 t\u1ea5t c\u1ea3 c\u00e1c ti\u00eau chu\u1ea9n hi\u1ec7n h\u00e0nh &#8211; v\u00e0 cho th\u1ebb c\u0103n c\u01b0\u1edbc v\u00e0 th\u1ebb ch\u00ednh ph\u1ee7, cung c\u1ea5p thang m\u00e0u x\u00e1m tuy\u1ec7t v\u1eddi cho h\u00ecnh \u1ea3nh, c\u00e1c t\u00ednh n\u0103ng b\u1ea3o m\u1eadt v\u00e0 \u0111\u1ed3 h\u1ecda c\u00f3 \u0111\u1ed9 ph\u00e2n gi\u1ea3i cao.<\/p>\n<p>&nbsp;<\/p>\n<p><img fetchpriority=\"high\" decoding=\"async\" class=\"aligncenter wp-image-5143\" src=\"https:\/\/vietcard.com.vn\/wp-content\/uploads\/2018\/04\/S5200LX-1thongso-261x300.jpg\" alt=\"\" width=\"1000\" height=\"1148\" srcset=\"https:\/\/vietcard.com.vn\/wp-content\/uploads\/2018\/04\/S5200LX-1thongso-640x735.jpg 640w, https:\/\/vietcard.com.vn\/wp-content\/uploads\/2018\/04\/S5200LX-1thongso-400x459.jpg 400w, https:\/\/vietcard.com.vn\/wp-content\/uploads\/2018\/04\/S5200LX-1thongso-600x689.jpg 600w, https:\/\/vietcard.com.vn\/wp-content\/uploads\/2018\/04\/S5200LX-1thongso.jpg 721w\" sizes=\"(max-width: 1000px) 100vw, 1000px\" \/><\/p>\n<p>&nbsp;<\/p>\n<p><strong>C\u00c1C \u1ee8NG D\u1ee4NG \u0110\u1eb6C BI\u1ec6T<\/strong><\/p>\n<p>M\u00e1y <strong>S5200LX<\/strong> \u0111\u01b0\u1ee3c thi\u1ebft k\u1ebf \u0111\u1ec3 \u0111\u00e1p \u1ee9ng nhu c\u1ea7u ng\u00e0y c\u00e0ng t\u0103ng c\u1ee7a c\u00e1c \u1ee9ng d\u1ee5ng ph\u00e1t h\u00e0nh m\u1edbi n\u1ed5i v\u00e0<br \/>\n\u2022 C\u00e1c ch\u01b0\u01a1ng tr\u00ecnh th\u1ebb t\u00e0i ch\u00ednh ,th\u1ebb chip c\u00f3 gi\u1edbi h\u1ea1n d\u1eadp n\u1ed5i<br \/>\n\u2022 Th\u1ebb PVC \/ th\u1ebb kim lo\u1ea1i cho c\u00e1c ch\u01b0\u01a1ng tr\u00ecnh t\u00e0i ch\u00ednh uy t\u00edn<br \/>\n\u2022 Ph\u00e1t h\u00e0nh th\u1ebb v\u0103n ph\u00f2ng ho\u1eb7c th\u1ebb c\u0103n c\u01b0\u1edbc s\u1ed1 l\u01b0\u1ee3ng \u00edt<br \/>\n\u2022 Gi\u1ea5y ph\u00e9p l\u00e1i xe ho\u1eb7c gi\u1ea5y \u0111\u0103ng k\u00fd xe \u00f4 t\u00f4<br \/>\n\u2022 Lo\u1ea1t th\u1ebb SIM \u0111\u1eb7c bi\u1ec7t<br \/>\n\u2022 Th\u1ebb t\u00edn d\u1ee5ng ho\u1eb7c th\u1ebb ghi n\u1ee3 ph\u00e1t h\u00e0nh phi t\u1eadp trung.<\/p>\n<p><strong>GI\u1ea2I PH\u00c1P D\u00c0I H\u1ea0N<\/strong><\/p>\n<p>Laser s\u1ee3i quang c\u00f3 tu\u1ed5i th\u1ecd d\u00e0i \u0111\u00e1ng kinh ng\u1ea1c l\u00e0 100.000 gi\u1edd, m\u1ed9t kho\u1ea3n \u0111\u1ea7u t\u01b0 c\u00f3 th\u1ec3 m\u1edf r\u1ed9ng v\u1edbi t\u1ed5ng chi ph\u00ed s\u1edf h\u1eefu c\u00f3 th\u1ec3 \u0111\u1ecbnh tr\u01b0\u1edbc. Kh\u00f4ng c\u00f3 gi\u1ea3i ph\u00e1p n\u00e0o kh\u00e1c tr\u00ean th\u1ecb tr\u01b0\u1eddng c\u00f3 c\u00f9ng t\u1ef7 l\u1ec7 l\u1ee3i nhu\u1eadn v\u1ec1 chi ti\u00eau v\u1ed1n, t\u00ednh n\u0103ng, hi\u1ec7u su\u1ea5t v\u00e0 kh\u1ea3 n\u0103ng qu\u1ea3n l\u00fd.<\/p>\n<p><strong>PH\u1ea6N M\u1ec0M MATICARDPRO<\/strong><\/p>\n<p>MaticardPro, l\u00e0 ph\u1ea7n m\u1ec1m thi\u1ebft k\u1ebf th\u1ebb d\u1ef1a h\u1ec7 \u0111i\u1ec1u h\u00e0nh Windows, cung c\u1ea5p giao di\u1ec7n th\u00e2n thi\u1ec7n v\u00e0 d\u1ec5 s\u1eed d\u1ee5ng gi\u1eefa ng\u01b0\u1eddi v\u1eadn h\u00e0nh v\u00e0 h\u1ec7 th\u1ed1ng. MaticardPro l\u00e0 m\u1ed9t tr\u00ecnh ch\u1ec9nh s\u1eeda b\u1ed1 c\u1ee5c th\u1ebb v\u1edbi kh\u1ea3 n\u0103ng qu\u1ea3n l\u00fd v\u00e0 s\u1ea3n xu\u1ea5t th\u1ebb, t\u1ea5t c\u1ea3 \u0111\u01b0\u1ee3c t\u00edch h\u1ee3p trong m\u1ed9t g\u00f3i duy nh\u1ea5t, \u0111\u1ed3ng th\u1eddi r\u1ea5t linh ho\u1ea1t trong c\u00e1c ch\u1ee9c n\u0103ng c\u1ee7a n\u00f3 v\u00e0 d\u1ec5 s\u1eed d\u1ee5ng cho vi\u1ec7c s\u1ea3n xu\u1ea5t th\u1ebb. MaticardPro tu\u00e2n th\u1ee7 b\u1ea3o m\u1eadt PCI \/ DSS.<\/p>\n","protected":false},"excerpt":{"rendered":"<p><strong>M\u00c1Y KH\u1eaeC LASER CHO C\u00c1 TH\u1eba HO\u00c1 TH\u1eba<\/strong><\/p>\n<p>M\u00e1y <strong>S5200LX<\/strong> l\u00e0 gi\u1ea3i ph\u00e1p c\u00f4ng nghi\u1ec7p duy nh\u1ea5t tr\u00ean th\u1ecb tr\u01b0\u1eddng \u0111\u1ec3 kh\u1eafc th\u1ebb b\u1eb1ng c\u00f4ng ngh\u1ec7 laser cho c\u00e1c \u1ee9ng d\u1ee5ng \u0111\u1eb7c bi\u1ec7t v\u00e0 ph\u00e1t h\u00e0nh s\u1ed1 l\u01b0\u1ee3ng \u00edt.<\/p>\n<p>H\u1ec7 th\u1ed1ng cung c\u1ea5p s\u1ef1 k\u1ebft h\u1ee3p t\u1ed1t nh\u1ea5t c\u1ee7a c\u00e1c t\u00ednh n\u0103ng s\u1ea3n xu\u1ea5t th\u1ebb cho c\u00e1c \u1ee9ng d\u1ee5ng kh\u1eaft khe nh\u01b0 kh\u1eafc th\u1ebb ng\u00e2n h\u00e0ng v\u00e0 th\u1ebb hi\u1ec3n th\u1ecb, c\u00e1 th\u1ec3 ho\u00e1 th\u1ebb c\u0103n c\u01b0\u1edbc ho\u1eb7c gi\u1ea5y ph\u00e9p l\u00e1i xe c\u0169ng nh\u01b0 th\u1ebb kim lo\u1ea1i.<\/p>\n<p>Ngu\u1ed3n laser hi\u1ec7n \u0111\u1ea1i v\u00e0 c\u1ea5u tr\u00fac m\u00f4-\u0111un k\u00e9p cho ph\u00e9p \u0111\u00e1p \u1ee9ng c\u00e1c y\u00eau c\u1ea7u kh\u1eaft khe nh\u1ea5t v\u1ec1 \u0111\u1ed9 b\u1ec1n, hi\u1ec7u su\u1ea5t, ch\u1ea5t l\u01b0\u1ee3ng kh\u1eafc v\u00e0 x\u1eed l\u00fd c\u00e1c th\u1ebb tinh x\u1ea3o ho\u1eb7c \u0111\u1eb7c bi\u1ec7t.<\/p>\n","protected":false},"featured_media":5142,"comment_status":"open","ping_status":"closed","template":"","meta":{"content-type":""},"product_cat":[51,38],"product_tag":[109],"class_list":{"0":"post-1418","1":"product","2":"type-product","3":"status-publish","4":"has-post-thumbnail","6":"product_cat-may-laser-destop","7":"product_cat-thiet-bi","8":"product_tag-may-laser-desktop","10":"first","11":"instock","12":"featured","13":"shipping-taxable","14":"product-type-simple","15":"add-to-wishlist-after_add_to_cart"},"_links":{"self":[{"href":"https:\/\/vietcard.com.vn\/index.php\/wp-json\/wp\/v2\/product\/1418","targetHints":{"allow":["GET"]}}],"collection":[{"href":"https:\/\/vietcard.com.vn\/index.php\/wp-json\/wp\/v2\/product"}],"about":[{"href":"https:\/\/vietcard.com.vn\/index.php\/wp-json\/wp\/v2\/types\/product"}],"replies":[{"embeddable":true,"href":"https:\/\/vietcard.com.vn\/index.php\/wp-json\/wp\/v2\/comments?post=1418"}],"wp:featuredmedia":[{"embeddable":true,"href":"https:\/\/vietcard.com.vn\/index.php\/wp-json\/wp\/v2\/media\/5142"}],"wp:attachment":[{"href":"https:\/\/vietcard.com.vn\/index.php\/wp-json\/wp\/v2\/media?parent=1418"}],"wp:term":[{"taxonomy":"product_cat","embeddable":true,"href":"https:\/\/vietcard.com.vn\/index.php\/wp-json\/wp\/v2\/product_cat?post=1418"},{"taxonomy":"product_tag","embeddable":true,"href":"https:\/\/vietcard.com.vn\/index.php\/wp-json\/wp\/v2\/product_tag?post=1418"}],"curies":[{"name":"wp","href":"https:\/\/api.w.org\/{rel}","templated":true}]}}