{"id":1370,"date":"2018-04-09T03:11:03","date_gmt":"2018-04-09T03:11:03","guid":{"rendered":"http:\/\/sw-themes.com\/porto_dummy\/product\/import-placeholder-for-1261\/"},"modified":"2024-12-06T09:04:53","modified_gmt":"2024-12-06T09:04:53","slug":"matica-s5200e","status":"publish","type":"product","link":"https:\/\/vietcard.com.vn\/index.php\/product\/matica-s5200e\/","title":{"rendered":"Matica S5200E"},"content":{"rendered":"<p><strong>D\u1ef0 \u00c1N TH\u1eba T\u00cdN D\u1ee4NG HO\u1eb6C TH\u1eba GHI N\u1ee2<\/strong><\/p>\n<p>C\u00e1c \u1ee9ng d\u1ee5ng ch\u00ednh c\u1ee7a <strong>S5200E<\/strong> l\u00e0 ph\u00e1t h\u00e0nh c\u00e1c th\u1ebb t\u00e0i ch\u00ednh , trong m\u1ed9t gi\u1ea3i ph\u00e1p phi t\u1eadp trung ho\u1eb7c trong m\u1ed9t h\u1ec7 th\u1ed1ng v\u0103n ph\u00f2ng.<br \/>\nH\u1ec7 th\u1ed1ng \u0111\u01b0\u1ee3c thi\u1ebft k\u1ebf \u0111\u1ec3 gi\u1ea3m thi\u1ec3u b\u1ea3o tr\u00ec b\u1edfi c\u00e1c nh\u00e0 cung c\u1ea5p \u0111\u1ec3 \u0111\u1ea3m b\u1ea3o t\u00ednh li\u00ean t\u1ee5c c\u1ee7a doanh nghi\u1ec7p. Kh\u1ea3 n\u0103ng m\u00e3 h\u00f3a linh ho\u1ea1t, hi\u1ec7u qu\u1ea3 v\u00e0 an to\u00e0n cho c\u00e1c chip ti\u1ebfp x\u00fac v\u00e0 kh\u00f4ng ti\u1ebfp x\u00fac \u0111\u00e1p \u1ee9ng c\u00e1c ch\u01b0\u01a1ng tr\u00ecnh EMV v\u00e0 c\u00e1c \u1ee9ng d\u1ee5ng \u0111\u00f2i h\u1ecfi kh\u1eaft khe kh\u00e1c.<\/p>\n<p>&nbsp;<\/p>\n<p><img fetchpriority=\"high\" decoding=\"async\" class=\"aligncenter wp-image-5140 size-full\" src=\"https:\/\/vietcard.com.vn\/wp-content\/uploads\/2018\/04\/S5200E.jpg\" alt=\"\" width=\"721\" height=\"1021\" srcset=\"https:\/\/vietcard.com.vn\/wp-content\/uploads\/2018\/04\/S5200E.jpg 721w, https:\/\/vietcard.com.vn\/wp-content\/uploads\/2018\/04\/S5200E-640x906.jpg 640w, https:\/\/vietcard.com.vn\/wp-content\/uploads\/2018\/04\/S5200E-400x566.jpg 400w, https:\/\/vietcard.com.vn\/wp-content\/uploads\/2018\/04\/S5200E-600x850.jpg 600w\" sizes=\"(max-width: 721px) 100vw, 721px\" \/><\/p>\n<p>&nbsp;<\/p>\n<p><strong>CH\u1ea4T L\u01af\u1ee2NG D\u1eacP N\u1ed4I V\u00c0 PH\u1ee6 NH\u0168 HO\u00c0N H\u1ea2O<\/strong><\/p>\n<p>S5200E c\u00f3 th\u1ec3 th\u1ef1c hi\u1ec7n thao t\u00e1c d\u1eadp n\u1ed5i theo ti\u00eau chu\u1ea9n ISO, d\u1eadp n\u1ed5i v\u00e0 l\u1eadt m\u1eb7t tr\u01b0\u1edbc v\u00e0 m\u1eb7t sau c\u1ee7a th\u1ebb trong m\u1ed9t b\u01b0\u1edbc duy nh\u1ea5t, gi\u00fap n\u00f3 ph\u00f9 h\u1ee3p v\u1edbi c\u00e1 th\u1ec3 h\u00f3a th\u1ebb t\u00edn d\u1ee5ng ho\u1eb7c th\u1ebb ghi n\u1ee3. Tr\u1ed1ng 98 k\u00fd t\u1ef1 c\u00f3 th\u1ec3 \u0111\u00e1p \u1ee9ng<br \/>\nnhu c\u1ea7u d\u1eadp th\u1ebb ghi n\u1ee3 ho\u1eb7c t\u00edn d\u1ee5ng, trong khi n\u00e2ng c\u1ea5p l\u00ean phi\u00ean b\u1ea3n 114 k\u00fd t\u1ef1 c\u00f3 th\u1ec3 k\u1ebft h\u1ee3p c\u1ea3 hai kh\u1ea3 n\u0103ng. C\u00e1c m\u00f4-\u0111un l\u00e0m vi\u1ec7c ch\u1eafc ch\u1eafn mang t\u1edbi ch\u1ea5t l\u01b0\u1ee3ng ho\u00e0n h\u1ea3o.<\/p>\n<p><strong>M\u00c3 H\u00d3A C\u00d4NG NGH\u1ec6 CAO<\/strong><\/p>\n<p>S\u1eed d\u1ee5ng k\u1ef9 thu\u1eadt \u0111\u1ed9c quy\u1ec1n \u0111\u01b0\u1ee3c ph\u00e1t tri\u1ec3n tr\u00ean c\u00e1c \u1ee9ng d\u1ee5ng c\u00f4ng nghi\u1ec7p, <strong>S5200<\/strong> \u0111\u01b0\u1ee3c x\u00e2y d\u1ef1ng d\u1ef1a tr\u00ean th\u1ebf m\u1ea1nh c\u1ee7a d\u00f2ng S5000 t\u00edch h\u1ee3p m\u1ed9t m\u00f4-\u0111un \u0111\u1ea7y \u0111\u1ee7 \u0111\u1ec3 l\u01b0u tr\u1eef c\u00e1c tr\u1ea1m m\u00e3 h\u00f3a. Gi\u1ea3i ph\u00e1p n\u00e0y b\u1ed5 sung th\u00eam c\u00e1c t\u00f9y ch\u1ecdn ti\u1ebfp x\u00fac \u0111a \u0111i\u1ec3m v\u00e0 ti\u1ebfp x\u00fac v\u1edbi d\u1ea3i t\u1eeb v\u00e0 chip \u0111\u01a1n hi\u1ec7n c\u00f3. H\u1ec7 th\u1ed1ng n\u00e0y cho ph\u00e9p c\u00e1 nh\u00e2n h\u00f3a th\u1ebb EMV b\u1eb1ng c\u00e1c b\u1ed9 m\u00e3 h\u00f3a d\u1ef1a tr\u00ean PC \/ SC, c\u1ea3 \u0111\u01a1n l\u1ebb v\u00e0 \u0111a \u0111i\u1ec3m, ho\u1eb7c b\u1edfi c\u00e1c m\u00e0n h\u00ecnh c\u00f3 k\u1ebft n\u1ed1i Ethernet.<br \/>\nC\u00f9ng v\u1edbi kh\u1ea3 n\u0103ng m\u00e3 h\u00f3a c\u00e1c \u0111\u1ecbnh d\u1ea1ng th\u01b0\u01a1ng m\u1ea1i ti\u00eau chu\u1ea9n v\u00e0 t\u00f9y ch\u1ec9nh, <strong>S5200E<\/strong> thi\u1ebft l\u1eadp m\u1ed9t ti\u00eau chu\u1ea9n m\u1edbi trong c\u00e1 th\u1ec3 h\u00f3a th\u1ebb.<\/p>\n<p><strong>PH\u1ea6N M\u1ec0M MATICARDPRO<\/strong><\/p>\n<p>MaticardPro, l\u00e0 ph\u1ea7n m\u1ec1m thi\u1ebft k\u1ebf th\u1ebb d\u1ef1a tr\u00ean n\u1ec1n t\u1ea3ng Matica, cung c\u1ea5p m\u1ed9t giao di\u1ec7n th\u00e2n thi\u1ec7n v\u00e0 th\u00e2n thi\u1ec7n gi\u1eefa ng\u01b0\u1eddi v\u1eadn h\u00e0nh v\u00e0 h\u1ec7 th\u1ed1ng.<br \/>\nMaticardPro c\u00f3 m\u1ed9t tr\u00ecnh so\u1ea1n th\u1ea3o b\u1ed1 c\u1ee5c th\u1ebb v\u1edbi kh\u1ea3 n\u0103ng qu\u1ea3n l\u00fd th\u1ebb v\u00e0 s\u1ea3n xu\u1ea5t, t\u1ea5t c\u1ea3 trong m\u1ed9t g\u00f3i t\u00edch h\u1ee3p duy nh\u1ea5t \u0111\u1ed3ng th\u1eddi linh ho\u1ea1t trong c\u00e1c ch\u1ee9c n\u0103ng c\u1ee7a n\u00f3 v\u00e0 d\u1ec5 s\u1eed d\u1ee5ng cho nh\u00e2n vi\u00ean SX. MaticardPro tu\u00e2n th\u1ee7 PCI \/ DSS.<\/p>\n","protected":false},"excerpt":{"rendered":"<p><strong>S5200E<\/strong> l\u00e0 gi\u1ea3i ph\u00e1p d\u1eadp n\u1ed5i d\u00e0nh d\u1ea1ng \u0111\u1ec3 b\u00e0n nh\u1ecf g\u1ecdn c\u1ee7a Matica, c\u00f3 kh\u1ea3 n\u0103ng in 500 th\u1ebb m\u1ed7i gi\u1edd, d\u00e0nh ri\u00eang cho c\u00e1c d\u1ef1 \u00e1n ph\u00e1t h\u00e0nh c\u1ee1 trung v\u00e0 c\u00e1c ch\u01b0\u01a1ng tr\u00ecnh ph\u00e1t h\u00e0nh ph\u00e2n ph\u1ed1i. <strong>S5200E<\/strong> \u0111\u01b0\u1ee3c thi\u1ebft k\u1ebf \u0111\u1ea3m b\u1ea3o hi\u1ec7u su\u1ea5t v\u00e0 ch\u1ea5t l\u01b0\u1ee3ng \u0111\u1ea7u ra ph\u00f9 h\u1ee3p, nh\u1edd s\u1ef1 k\u1ebft h\u1ee3p m\u00f4-\u0111un c\u1ee7a c\u00e1c tr\u1ea1m m\u00e3 h\u00f3a, tr\u1ed1ng d\u1eadp n\u1ed5i v\u00e0 b\u1ed9 ph\u1eadn l\u1eadt m\u1eb7t.<\/p>\n","protected":false},"featured_media":5017,"comment_status":"open","ping_status":"closed","template":"","meta":{"content-type":""},"product_cat":[95,38],"product_tag":[107],"class_list":{"0":"post-1370","1":"product","2":"type-product","3":"status-publish","4":"has-post-thumbnail","6":"product_cat-may-dap-the-destop","7":"product_cat-thiet-bi","8":"product_tag-may-dap-the-desktop","10":"first","11":"instock","12":"featured","13":"shipping-taxable","14":"product-type-simple","15":"add-to-wishlist-after_add_to_cart"},"_links":{"self":[{"href":"https:\/\/vietcard.com.vn\/index.php\/wp-json\/wp\/v2\/product\/1370","targetHints":{"allow":["GET"]}}],"collection":[{"href":"https:\/\/vietcard.com.vn\/index.php\/wp-json\/wp\/v2\/product"}],"about":[{"href":"https:\/\/vietcard.com.vn\/index.php\/wp-json\/wp\/v2\/types\/product"}],"replies":[{"embeddable":true,"href":"https:\/\/vietcard.com.vn\/index.php\/wp-json\/wp\/v2\/comments?post=1370"}],"wp:featuredmedia":[{"embeddable":true,"href":"https:\/\/vietcard.com.vn\/index.php\/wp-json\/wp\/v2\/media\/5017"}],"wp:attachment":[{"href":"https:\/\/vietcard.com.vn\/index.php\/wp-json\/wp\/v2\/media?parent=1370"}],"wp:term":[{"taxonomy":"product_cat","embeddable":true,"href":"https:\/\/vietcard.com.vn\/index.php\/wp-json\/wp\/v2\/product_cat?post=1370"},{"taxonomy":"product_tag","embeddable":true,"href":"https:\/\/vietcard.com.vn\/index.php\/wp-json\/wp\/v2\/product_tag?post=1370"}],"curies":[{"name":"wp","href":"https:\/\/api.w.org\/{rel}","templated":true}]}}