{"id":1369,"date":"2018-04-09T03:11:01","date_gmt":"2018-04-09T03:11:01","guid":{"rendered":"http:\/\/sw-themes.com\/porto_dummy\/product\/import-placeholder-for-1252\/"},"modified":"2024-12-06T09:05:10","modified_gmt":"2024-12-06T09:05:10","slug":"s7000","status":"publish","type":"product","link":"https:\/\/vietcard.com.vn\/index.php\/product\/s7000\/","title":{"rendered":"S7000"},"content":{"rendered":"<p><strong> <span class=\"fontstyle0\">TH<\/span><span class=\"fontstyle1\">\u00d4NG S\u1ed0 K\u1ef8 THU\u1eacT<\/span> <\/strong><\/p>\n<p><strong><span class=\"fontstyle0\">C\u00f4ng su\u1ea5t l\u00e0m vi\u1ec7c c\u1ee7a m\u00e1y<br \/>\n<\/span><\/strong><span class=\"fontstyle0\">Th\u1eddi gian l\u00e0m vi\u1ec7c khuy\u1ebfn c\u00e1o 24h\/ng\u00e0y<br \/>\nIn nhi\u1ec7t, d\u1eadp n\u1ed5i, in ch\u00ecm: 1000-1200 th\u1ebb\/ gi\u1edd<br \/>\n<\/span><strong><span class=\"fontstyle0\">M\u00e1y c\u01a1 b\u1ea3n<br \/>\n<\/span><\/strong><span class=\"fontstyle0\">Khay ch\u1ee9a th\u1ebb \u0111\u1ea7u v\u00e0o: 600 th\u1ebb<br \/>\nKhay ch\u1ee9a th\u1ebb \u0111\u1ea7u ra: 600 th\u1ebb, Khay ch\u1ee9a th\u1ebb l\u1ed7i 100 th\u1ebb<br \/>\n<\/span><strong><span class=\"fontstyle0\">Ph\u01b0\u01a1ng th\u1ee9c in<br \/>\n<\/span><\/strong><span class=\"fontstyle0\">C\u00f4ng ngh\u1ec7 in th\u1ebb tr\u1ef1c ti\u1ebfp: In nhi\u1ec7t chuy\u1ec3n \u0111\u1ed5i ho\u1eb7c nhu\u1ed9n m\u00e0u th\u0103ng hoa.<br \/>\nKhu v\u1ef1c in: g\u1ea7n nh\u01b0 to\u00e0n b\u1ec1 m\u1eb7t (edge-to-edge)<br \/>\n\u0110\u1ed9 ph\u00e2n gi\u1ea3i:300 dpi or 600 dpi<br \/>\n<\/span><strong><span class=\"fontstyle0\">D\u1eadp n\u1ed5i v\u00e0 kh\u1eafc ch\u00ecm<br \/>\n<\/span><\/strong><span class=\"fontstyle0\">\u2022 Tr\u1ed1ng d\u1eadp 72 k\u00ed t\u1ef1.<br \/>\n\u2022 D\u1eadp n\u1ed5i m\u1eb7t tr\u01b0\u1edbc ho\u1eb7c kh\u1eafc ch\u00ecm m\u1eb7t sau ho\u1eb7c c\u1ea3 2 b\u1ec1 m\u1eb7t th\u1ebb.<br \/>\nK\u00ed t\u1ef1 chu\u1ea9n qu\u1ed1c t\u1ebf, Visa, MasterCard:OCR-A1, OCR-B1, OCR-B4.<br \/>\n<\/span><strong><span class=\"fontstyle0\">M\u00e3 h\u00f3a<br \/>\n<\/span><\/strong><span class=\"fontstyle0\">\u2022 M\u00e3 h\u00f3a t\u1eeb 3 track chu\u1ea9n ISO 7811 v\u1edbi 4000 v\u00e0 2750 Oe (HICO) v\u00e0 300 Oe (LOCO).<br \/>\nTr\u1ea1m \u0111\u01b0\u1ee3c thi\u1ebft k\u1ebf m\u1edbi ho\u00e0n to\u00e0n, Bao g\u1ed3m tr\u1ea1m l\u00e0m s\u1ea1ch d\u1ea3i t\u1eeb t\u00ednh n\u00e2ng cao ch\u1ea5t l\u01b0\u1ee3ng m\u00e3 h\u00f3a t\u1eeb v\u00e0 t\u1ed1c \u0111\u1ed9 c\u1ee7a<br \/>\nm\u00e1y.<br \/>\n\u2022 M\u00e3 h\u00f3a EMV v\u1edbi tr\u1ea1m m\u00e3 h\u00f3a SILO IC Smartware l\u00ean t\u1edbi 12 tr\u1ea1m m\u00e3 h\u00f3a ho\u00e0n to\u00e0n m\u1edbi, k\u1ebft h\u1ee3p perso th\u1ebb contact v\u00e0<br \/>\ncontactlesst chu\u1ea9n ISO 14443 A\/B, ISO 7816 v\u00e0 Mifare. C\u1ea3i thi\u1ec7n t\u1ed1c \u0111\u1ed9 l\u00ean t\u1edbi 1.500 th\u1ebb\/gi\u1edd.<br \/>\n<\/span><strong><span class=\"fontstyle0\">Ph\u1ea7n m\u1ec1m<br \/>\n<\/span><\/strong><span class=\"fontstyle0\">MaticardPro on Windows 7\/8\/10 v\u1edbi phi\u00ean b\u1ea3n m\u1edbi nh\u1ea5t c\u1ee7a Matica<br \/>\nBao g\u1ed3m ph\u1ea7n m\u1ec1m ch\u1ea9n \u0111o\u00e1n v\u00e0 thi\u1ebft l\u1eadp v\u00e0 qu\u1ea3n l\u00fd qu\u00e1 tr\u00ecnh d\u1eadp th\u1ebb.<br \/>\nT\u00f9y ch\u1ecdn SDK Smart Card<\/span><\/p>\n<p><img fetchpriority=\"high\" decoding=\"async\" class=\"aligncenter wp-image-5158\" src=\"https:\/\/vietcard.com.vn\/wp-content\/uploads\/2018\/04\/S7000thongso-300x164.jpg\" alt=\"\" width=\"700\" height=\"383\" srcset=\"https:\/\/vietcard.com.vn\/wp-content\/uploads\/2018\/04\/S7000thongso-640x350.jpg 640w, https:\/\/vietcard.com.vn\/wp-content\/uploads\/2018\/04\/S7000thongso-400x219.jpg 400w, https:\/\/vietcard.com.vn\/wp-content\/uploads\/2018\/04\/S7000thongso-600x328.jpg 600w\" sizes=\"(max-width: 700px) 100vw, 700px\" \/><\/p>\n<p><img decoding=\"async\" class=\"aligncenter wp-image-5159\" src=\"https:\/\/vietcard.com.vn\/wp-content\/uploads\/2018\/04\/S7000ts-300x290.jpg\" alt=\"\" width=\"700\" height=\"676\" srcset=\"https:\/\/vietcard.com.vn\/wp-content\/uploads\/2018\/04\/S7000ts-640x618.jpg 640w, https:\/\/vietcard.com.vn\/wp-content\/uploads\/2018\/04\/S7000ts-400x386.jpg 400w, https:\/\/vietcard.com.vn\/wp-content\/uploads\/2018\/04\/S7000ts-600x580.jpg 600w\" sizes=\"(max-width: 700px) 100vw, 700px\" \/><\/p>\n","protected":false},"excerpt":{"rendered":"<p>Duis aute irure dolor in reprehenderit in voluptate velit esse cillum dolore eu fugiat nulla pariatur. Excepteur sint occaecat cupidatat non. Duis aute irure dolor in reprehenderit in voluptate velit esse cillum dolore eu fugiat nulla pariatur.<\/p>\n","protected":false},"featured_media":5157,"comment_status":"open","ping_status":"closed","template":"","meta":{"content-type":""},"product_cat":[56,38],"product_tag":[111],"class_list":{"0":"post-1369","1":"product","2":"type-product","3":"status-publish","4":"has-post-thumbnail","6":"product_cat-may-cong-suat-lon","7":"product_cat-thiet-bi","8":"product_tag-may-cong-suat-lon","10":"first","11":"instock","12":"featured","13":"shipping-taxable","14":"product-type-simple","15":"add-to-wishlist-after_add_to_cart"},"_links":{"self":[{"href":"https:\/\/vietcard.com.vn\/index.php\/wp-json\/wp\/v2\/product\/1369","targetHints":{"allow":["GET"]}}],"collection":[{"href":"https:\/\/vietcard.com.vn\/index.php\/wp-json\/wp\/v2\/product"}],"about":[{"href":"https:\/\/vietcard.com.vn\/index.php\/wp-json\/wp\/v2\/types\/product"}],"replies":[{"embeddable":true,"href":"https:\/\/vietcard.com.vn\/index.php\/wp-json\/wp\/v2\/comments?post=1369"}],"wp:featuredmedia":[{"embeddable":true,"href":"https:\/\/vietcard.com.vn\/index.php\/wp-json\/wp\/v2\/media\/5157"}],"wp:attachment":[{"href":"https:\/\/vietcard.com.vn\/index.php\/wp-json\/wp\/v2\/media?parent=1369"}],"wp:term":[{"taxonomy":"product_cat","embeddable":true,"href":"https:\/\/vietcard.com.vn\/index.php\/wp-json\/wp\/v2\/product_cat?post=1369"},{"taxonomy":"product_tag","embeddable":true,"href":"https:\/\/vietcard.com.vn\/index.php\/wp-json\/wp\/v2\/product_tag?post=1369"}],"curies":[{"name":"wp","href":"https:\/\/api.w.org\/{rel}","templated":true}]}}