{"id":1365,"date":"2018-04-09T03:10:54","date_gmt":"2018-04-09T03:10:54","guid":{"rendered":"http:\/\/sw-themes.com\/porto_dummy\/product\/import-placeholder-for-605\/"},"modified":"2024-12-06T09:05:23","modified_gmt":"2024-12-06T09:05:23","slug":"mc210","status":"publish","type":"product","link":"https:\/\/vietcard.com.vn\/index.php\/product\/mc210\/","title":{"rendered":"MC210"},"content":{"rendered":"<p><strong>Matica MC210<\/strong> l\u00e0 m\u1ed9t l\u1ef1a ch\u1ecdn m\u1ea1nh m\u1ebd v\u00e0 \u0111\u00e1ng tin c\u1eady, ph\u00f9 h\u1ee3p cho vi\u1ec7c ph\u00e1t h\u00e0nh th\u1ebb \u0111\u1ecbnh danh. Thi\u1ebft k\u1ebf c\u1ee7a n\u00f3 v\u1eeba b\u1ec1n b\u1ec9 v\u1eeba sang tr\u1ecdng, ph\u00f9 h\u1ee3p \u0111\u1ec3 s\u1eed d\u1ee5ng trong m\u1ecdi m\u00f4i tr\u01b0\u1eddng.<\/p>\n<p>C\u00f3 th\u1ec3 n\u00e2ng c\u1ea5p t\u1eeb ch\u1ebf \u0111\u1ed9 in m\u1ed9t m\u1eb7t l\u00ean hai m\u1eb7t, <strong>MC210<\/strong> c\u0169ng c\u00f3 s\u1eb5n v\u1edbi nhi\u1ec1u t\u00f9y ch\u1ecdn m\u00e3 h\u00f3a th\u1ebb b\u1ea3o m\u1eadt v\u00e0 c\u00f3 th\u1ec3 t\u00edch h\u1ee3p li\u1ec1n m\u1ea1ch v\u1edbi m\u00e1y \u00e9p phim(laminator).<\/p>\n<p>&nbsp;<\/p>\n<p><img fetchpriority=\"high\" decoding=\"async\" class=\"aligncenter wp-image-5132\" src=\"https:\/\/vietcard.com.vn\/wp-content\/uploads\/2018\/04\/MC210THONGSO-300x185.jpg\" alt=\"\" width=\"1000\" height=\"617\" srcset=\"https:\/\/vietcard.com.vn\/wp-content\/uploads\/2018\/04\/MC210THONGSO-400x247.jpg 400w, https:\/\/vietcard.com.vn\/wp-content\/uploads\/2018\/04\/MC210THONGSO-600x370.jpg 600w, https:\/\/vietcard.com.vn\/wp-content\/uploads\/2018\/04\/MC210THONGSO.jpg 624w\" sizes=\"(max-width: 1000px) 100vw, 1000px\" \/><\/p>\n<p>&nbsp;<\/p>\n<p><strong>MC210<\/strong> l\u00e0 l\u1ef1a ch\u1ecdn l\u00fd t\u01b0\u1edfng cho c\u00e1c tr\u01b0\u1eddng h\u1ecdc, cao \u0111\u1eb3ng v\u00e0 c\u00e1c doanh nghi\u1ec7p v\u1eeba v\u00e0 nh\u1ecf v\u1edbi s\u1ed1 l\u01b0\u1ee3ng in kho\u1ea3ng 10.000 th\u1ebb m\u1ed7i n\u0103m. D\u1ef1a tr\u00ean c\u00f4ng ngh\u1ec7 in \u0111\u00e3 \u0111\u01b0\u1ee3c Matica kh\u1eb3ng \u0111\u1ecbnh, b\u1ea1n c\u00f3 th\u1ec3 tin t\u01b0\u1edfng v\u00e0o <strong>MC210<\/strong> \u0111\u1ec3 cung c\u1ea5p c\u00e1c gi\u1ea3i ph\u00e1p in th\u1ebb \u0111\u1ecbnh danh an to\u00e0n v\u00e0 \u0111\u00e1ng tin c\u1eady<\/p>\n<p>&nbsp;<\/p>\n<p><img decoding=\"async\" class=\"aligncenter wp-image-5133\" src=\"https:\/\/vietcard.com.vn\/wp-content\/uploads\/2018\/04\/MC210THONGSO1-266x300.jpg\" alt=\"\" width=\"1000\" height=\"1128\" srcset=\"https:\/\/vietcard.com.vn\/wp-content\/uploads\/2018\/04\/MC210THONGSO1-907x1024.jpg 907w, https:\/\/vietcard.com.vn\/wp-content\/uploads\/2018\/04\/MC210THONGSO1-768x867.jpg 768w, https:\/\/vietcard.com.vn\/wp-content\/uploads\/2018\/04\/MC210THONGSO1-640x722.jpg 640w, https:\/\/vietcard.com.vn\/wp-content\/uploads\/2018\/04\/MC210THONGSO1-400x451.jpg 400w, https:\/\/vietcard.com.vn\/wp-content\/uploads\/2018\/04\/MC210THONGSO1-600x677.jpg 600w\" sizes=\"(max-width: 1000px) 100vw, 1000px\" \/><\/p>\n","protected":false},"excerpt":{"rendered":"<p>T\u00ednh n\u0103ng in th\u1ebb \u0111\u1ecbnh danh m\u1ea1nh m\u1ebd, \u0111\u00e1ng tin c\u1eady cho m\u1ecdi m\u00f4i tr\u01b0\u1eddng<\/p>\n<p><strong>MC210 mang \u0111\u1ebfn:<\/strong><br \/>\n\u2023 S\u1ef1 ch\u1eafc ch\u1eafn v\u00e0 tin c\u1eady l\u00e0m n\u00ean<br \/>\nch\u1ea5t l\u01b0\u1ee3ng<br \/>\n\u2023 In \u0111\u1ed9 ph\u00e2n gi\u1ea3i cao 300 dpi<br \/>\n\u2023 T\u1ed1c \u0111\u1ed9 l\u00ean \u0111\u1ebfn 180 th\u1ebb\/gi\u1edd<br \/>\n\u2023 T\u00ednh linh ho\u1ea1t &#8211; bao g\u1ed3m<br \/>\nnhi\u1ec1u m\u00e3 h\u00f3a v\u00e0 c\u00e1n m\u00e0ng<br \/>\n\u2023 B\u1ea3o h\u00e0nh 3 n\u0103m<br \/>\n<strong>L\u00fd t\u01b0\u1edfng cho:<\/strong><br \/>\n\u2023 Kh\u1ed1i l\u01b0\u1ee3ng ph\u00e1t h\u00e0nh th\u1ebb c\u1ee1 nh\u1ecf<br \/>\nkho\u1ea3ng 10.000 m\u1ed7i n\u0103m<\/p>\n","protected":false},"featured_media":5130,"comment_status":"open","ping_status":"closed","template":"","meta":{"content-type":""},"product_cat":[49,38],"product_tag":[108],"class_list":{"0":"post-1365","1":"product","2":"type-product","3":"status-publish","4":"has-post-thumbnail","6":"product_cat-may-in-destop","7":"product_cat-thiet-bi","8":"product_tag-may-in-desktop","10":"first","11":"instock","12":"featured","13":"shipping-taxable","14":"product-type-simple","15":"add-to-wishlist-after_add_to_cart"},"_links":{"self":[{"href":"https:\/\/vietcard.com.vn\/index.php\/wp-json\/wp\/v2\/product\/1365","targetHints":{"allow":["GET"]}}],"collection":[{"href":"https:\/\/vietcard.com.vn\/index.php\/wp-json\/wp\/v2\/product"}],"about":[{"href":"https:\/\/vietcard.com.vn\/index.php\/wp-json\/wp\/v2\/types\/product"}],"replies":[{"embeddable":true,"href":"https:\/\/vietcard.com.vn\/index.php\/wp-json\/wp\/v2\/comments?post=1365"}],"wp:featuredmedia":[{"embeddable":true,"href":"https:\/\/vietcard.com.vn\/index.php\/wp-json\/wp\/v2\/media\/5130"}],"wp:attachment":[{"href":"https:\/\/vietcard.com.vn\/index.php\/wp-json\/wp\/v2\/media?parent=1365"}],"wp:term":[{"taxonomy":"product_cat","embeddable":true,"href":"https:\/\/vietcard.com.vn\/index.php\/wp-json\/wp\/v2\/product_cat?post=1365"},{"taxonomy":"product_tag","embeddable":true,"href":"https:\/\/vietcard.com.vn\/index.php\/wp-json\/wp\/v2\/product_tag?post=1365"}],"curies":[{"name":"wp","href":"https:\/\/api.w.org\/{rel}","templated":true}]}}