{"id":4701,"date":"2022-07-14T22:07:33","date_gmt":"2022-07-14T22:07:33","guid":{"rendered":"http:\/\/sw-themes.com\/porto_dummy\/?page_id=4701"},"modified":"2026-03-02T16:23:49","modified_gmt":"2026-03-02T09:23:49","slug":"contact-us","status":"publish","type":"page","link":"https:\/\/vietcard.com.vn\/index.php\/contact-us\/","title":{"rendered":"Contact Us"},"content":{"rendered":"<div class=\"wpb-content-wrapper\"><p>[vc_row wrap_container=&#8221;yes&#8221; el_class=&#8221;m-t-md&#8221;][vc_column][vc_row_inner][vc_column_inner width=&#8221;1\/2&#8243;]<div class=\"porto-u-heading m-b-xxl  wpb_custom_95aa9a11c17ad45cfabaf210d84ee7cc porto-u-4522\"><div class=\"porto-u-main-heading\"><h1   style=\"margin-bottom: 5px;font-size:24px;letter-spacing:-0.025em;\">Th\u00f4ng Tin Li\u00ean H\u1ec7<\/h1><\/div><div class=\"porto-u-sub-heading\" style=\"font-size:14px;line-height:28px;letter-spacing:-0.025em;\"><strong>H\u1ed7 Tr\u1ee3 B\u00e1n H\u00e0ng: 0888.830.911<\/strong> &#8211; <strong>H\u1ed7 Tr\u1ee3 K\u1ef9 Thu\u1eadt: 0888.830.911<\/strong><br \/>\n(Ph\u1ea3n h\u1ed3i nhanh ch\u00f3ng &amp; h\u1ed7 tr\u1ee3 24\/7)<\/div><style>.porto-u-4522.porto-u-heading{text-align:left}<\/style><\/div>[\/vc_column_inner][vc_column_inner width=&#8221;1\/2&#8243;][vc_custom_heading text=&#8221;Truy\u1ec1n Th\u00f4ng&#8221; font_container=&#8221;tag:h2|font_size:24px|text_align:left&#8221; use_theme_fonts=&#8221;yes&#8221; el_class=&#8221;ls-negative-1 mb-2&#8243;]<div class=\"share-links wpb_custom_8b8c1eda9afab01600c953cf0c921428\">\t\t<a target=\"_blank\"  rel=\"nofollow noopener noreferrer\" class=\"share-facebook\" href=\"#\" title=\"Facebook\"><\/a>\r\n\t\t\t\t<a target=\"_blank\"  rel=\"nofollow noopener noreferrer\" class=\"share-twitter\" href=\"#\" title=\"Twitter\"><\/a>\r\n\t\t\t\t<a target=\"_blank\"  rel=\"nofollow noopener noreferrer\" class=\"share-instagram\" href=\"#\" title=\"Instagram\"><\/a>\r\n\t\t<\/div>[\/vc_column_inner][\/vc_row_inner][\/vc_column][vc_column width=&#8221;1\/2&#8243; offset=&#8221;vc_col-lg-3 vc_col-md-3 vc_col-xs-12&#8243;]<a class=\"porto-sicon-box-link\" href=\"tel:(800)123-4567\"><div class=\"porto-sicon-box text-color-body custom-info-1  wpb_custom_d97b8561cbe6dfe38cbcc55088a46d8a style_1 top-icon\"><div class=\"porto-sicon-top\"><div class=\"porto-just-icon-wrapper porto-icon none\" style=\"color:#0088cc;font-size:45px;\"><i class=\"fas fa-map-marker-alt\"><\/i><\/div><\/div><div class=\"porto-sicon-header\"><h3 class=\"porto-sicon-title\" style=\"font-weight:700;font-size:20px;line-height:22px;letter-spacing:-0.025em;\">Tr\u1ee5 S\u1edf Ch\u00ednh<\/h3><p style=\"font-size:14px;line-height:22px;letter-spacing:-0.025em;color:#777777;\">11\/10 Tr\u01b0\u01a1ng C\u00f4ng \u0110\u1ecbnh, P. T\u00e2n B\u00ecnh, Th\u00e0nh Ph\u1ed1 H\u1ed3 Ch\u00ed Minh<\/p><\/div> <!-- header --><div class=\"porto-sicon-description\" style=\"\">Tel : (84-28) 3949 3485 &#8211; (84-28) 3949 3486<\/p>\n<p>Fax: (84-28) 3949 3484<\/p>\n<p>Email : sales_sg@vietcard.com.vn<\/div> <!-- description --><\/div><!-- porto-sicon-box --><\/a>[\/vc_column][vc_column width=&#8221;1\/2&#8243; offset=&#8221;vc_col-lg-3 vc_col-md-3 vc_col-xs-12&#8243;]<div class=\"porto-sicon-box custom-info-1  wpb_custom_88f26f0fd6b8ac6157392797d7c92f99 style_1 top-icon\"><div class=\"porto-sicon-top\"><div class=\"porto-just-icon-wrapper porto-icon none\" style=\"color:#0088cc;font-size:45px;\"><i class=\"Simple-Line-Icons-pointer\"><\/i><\/div><\/div><div class=\"porto-sicon-header\"><h3 class=\"porto-sicon-title\" style=\"font-weight:700;font-size:20px;line-height:22px;letter-spacing:-0.025em;\">Chi Nh\u00e1nh H\u00e0 N\u1ed9i<\/h3><p style=\"font-size:14px;line-height:22px;letter-spacing:-0.025em;\">S\u1ed1 21, L\u00d4 3, K\u0110T \u0110\u1ec1n L\u1eeb 2, Ph\u01b0\u1eddng T\u01b0\u01a1ng Mai, TP. H\u00e0 N\u1ed9i, Vi\u1ec7t Nam<\/p><\/div> <!-- header --><div class=\"porto-sicon-description\" style=\"\">Tel: (84-24) 36342327 (84-24) 36342327<br \/>\nFax: (84-24) 36342325<\/p>\n<p>Email: sales_hn@vietcard.com.vn<\/div> <!-- description --><\/div><!-- porto-sicon-box -->[\/vc_column][vc_column width=&#8221;1\/2&#8243; offset=&#8221;vc_col-lg-3 vc_col-md-3 vc_col-xs-12&#8243;]<div class=\"porto-sicon-box custom-info-1  wpb_custom_88f26f0fd6b8ac6157392797d7c92f99 style_1 top-icon\"><div class=\"porto-sicon-top\"><div class=\"porto-just-icon-wrapper porto-icon none\" style=\"color:#0088cc;font-size:45px;\"><i class=\"Simple-Line-Icons-pointer\"><\/i><\/div><\/div><div class=\"porto-sicon-header\"><h3 class=\"porto-sicon-title\" style=\"font-weight:700;font-size:20px;line-height:22px;letter-spacing:-0.025em;\">Chi Nh\u00e1nh \u0110\u00e0 N\u1eb5ng<\/h3><p style=\"font-size:14px;line-height:22px;letter-spacing:-0.025em;\">240\/04 N\u00fai Th\u00e0nh, Ph\u01b0\u1eddng Ho\u00e0 C\u01b0\u1eddng, Th\u00e0nh ph\u1ed1 \u0110\u00e0 N\u1eb5ng, Vi\u1ec7t Nam<\/p><\/div> <!-- header --><div class=\"porto-sicon-description\" style=\"\">Tel: 02363 798 755 &#8211; Mobile: 0914 136 631 (Mr. Ngh\u00ea\u0323)<br \/>\nEmail: Vannghe@vietcard.com.vn<\/div> <!-- description --><\/div><!-- porto-sicon-box -->[\/vc_column][vc_column width=&#8221;1\/2&#8243; offset=&#8221;vc_col-lg-3 vc_col-md-3 vc_col-xs-12&#8243;]<div class=\"porto-sicon-box custom-info-1  wpb_custom_88f26f0fd6b8ac6157392797d7c92f99 style_1 top-icon\"><div class=\"porto-sicon-top\"><div class=\"porto-just-icon-wrapper porto-icon none\" style=\"color:#0088cc;font-size:45px;\"><i class=\"Simple-Line-Icons-pointer\"><\/i><\/div><\/div><div class=\"porto-sicon-header\"><h3 class=\"porto-sicon-title\" style=\"font-weight:700;font-size:20px;line-height:22px;letter-spacing:-0.025em;\">Chi Nh\u00e1nh L\u00e0o<\/h3><p style=\"font-size:14px;line-height:22px;letter-spacing:-0.025em;\">Phonthan Village, Sisatanak District, Vientiane, Lao PDR<\/p><\/div> <!-- header --><div class=\"porto-sicon-description\" style=\"\">Tel : +856-205-5099988, Mobile: +856-20-55331136 (Ms. Mimi)<br \/>\nEmail : spp.mimi@vietcard.com.vn&gt; or Mimi spp.mimi@gmail.com<\/div> <!-- description --><\/div><!-- porto-sicon-box -->[\/vc_column][vc_column conditional_render=&#8221;%5B%7B%22value_role%22%3A%22administrator%22%7D%5D&#8221;][vc_separator color=&#8221;custom&#8221; accent_color=&#8221;#e7e7e7&#8243; css=&#8221;.vc_custom_1659513510482{margin-top: 48px !important;margin-bottom: 58px !important;}&#8221;][\/vc_column][\/vc_row][vc_row wrap_container=&#8221;yes&#8221; el_class=&#8221;m-b-lg&#8221; conditional_render=&#8221;%5B%7B%22value_role%22%3A%22administrator%22%7D%5D&#8221;][vc_column offset=&#8221;vc_col-lg-6 vc_col-md-6&#8243;][vc_custom_heading text=&#8221;G\u1eedi Email&#8221; font_container=&#8221;tag:h2|font_size:24px|text_align:left&#8221; use_theme_fonts=&#8221;yes&#8221; el_class=&#8221;ls-negative-1 mb-3&#8243;]<div class=\"wpb_custom_b42f946aafee27ef0665e1295b506010\">\n<div class=\"wpcf7 no-js\" id=\"wpcf7-f74-o1\" lang=\"en-US\" dir=\"ltr\">\n<div class=\"screen-reader-response\"><p role=\"status\" aria-live=\"polite\" aria-atomic=\"true\"><\/p> <ul><\/ul><\/div>\n<form action=\"\/index.php\/wp-json\/wp\/v2\/pages\/4701#wpcf7-f74-o1\" method=\"post\" class=\"wpcf7-form init\" aria-label=\"Contact form\" novalidate=\"novalidate\" data-status=\"init\">\n<div style=\"display: none;\">\n<input type=\"hidden\" name=\"_wpcf7\" value=\"74\" \/>\n<input type=\"hidden\" name=\"_wpcf7_version\" value=\"5.9.8\" \/>\n<input type=\"hidden\" name=\"_wpcf7_locale\" value=\"en_US\" \/>\n<input type=\"hidden\" name=\"_wpcf7_unit_tag\" value=\"wpcf7-f74-o1\" \/>\n<input type=\"hidden\" name=\"_wpcf7_container_post\" value=\"0\" \/>\n<input type=\"hidden\" name=\"_wpcf7_posted_data_hash\" value=\"\" \/>\n<\/div>\n<div class=\"row\">\n\t<div class=\"col-lg-12\">\n\t\t<div class=\"form-group\">\n\t\t\t<p><label for=\"contact-name\">Your Name *<\/label><br \/>\n<span class=\"wpcf7-form-control-wrap\" data-name=\"your-name\"><input size=\"40\" maxlength=\"400\" class=\"wpcf7-form-control wpcf7-text wpcf7-validates-as-required form-control\" id=\"contact-name\" aria-required=\"true\" aria-invalid=\"false\" value=\"\" type=\"text\" name=\"your-name\" \/><\/span>\n\t\t\t<\/p>\n\t\t<\/div>\n\t<\/div>\n\t<div class=\"col-lg-12\">\n\t\t<div class=\"form-group\">\n\t\t\t<p><label for=\"contact-email\">Your E-mail *<\/label><br \/>\n<span class=\"wpcf7-form-control-wrap\" data-name=\"your-email\"><input size=\"40\" maxlength=\"400\" class=\"wpcf7-form-control wpcf7-email wpcf7-validates-as-required wpcf7-text wpcf7-validates-as-email form-control\" id=\"contact-email\" aria-required=\"true\" aria-invalid=\"false\" value=\"\" type=\"email\" name=\"your-email\" \/><\/span>\n\t\t\t<\/p>\n\t\t<\/div>\n\t<\/div>\n\t<div class=\"col-lg-12\">\n\t\t<div class=\"form-group\">\n\t\t\t<p><label for=\"contact-message\">Your Message<\/label><br \/>\n<span class=\"wpcf7-form-control-wrap\" data-name=\"your-message\"><textarea cols=\"40\" rows=\"10\" maxlength=\"2000\" class=\"wpcf7-form-control wpcf7-textarea form-control\" id=\"contact-message\" aria-invalid=\"false\" name=\"your-message\"><\/textarea><\/span>\n\t\t\t<\/p>\n\t\t<\/div>\n\t<\/div>\n\t<div class=\"col-lg-12\">\n\t\t<div class=\"form-group\">\n\t\t\t<p><input class=\"wpcf7-form-control wpcf7-submit has-spinner btn btn-dark\" type=\"submit\" value=\"Send Message\" \/>\n\t\t\t<\/p>\n\t\t<\/div>\n\t<\/div>\n<\/div><p style=\"display: none !important;\" class=\"akismet-fields-container\" data-prefix=\"_wpcf7_ak_\"><label>&#916;<textarea name=\"_wpcf7_ak_hp_textarea\" cols=\"45\" rows=\"8\" maxlength=\"100\"><\/textarea><\/label><input type=\"hidden\" id=\"ak_js_1\" name=\"_wpcf7_ak_js\" value=\"109\"\/><script>document.getElementById( \"ak_js_1\" ).setAttribute( \"value\", ( new Date() ).getTime() );<\/script><\/p><div class=\"wpcf7-response-output\" aria-hidden=\"true\"><\/div>\n<\/form>\n<\/div>\n<\/div>[\/vc_column][vc_column offset=&#8221;vc_col-lg-6 vc_col-md-6&#8243; el_class=&#8221;mt-5 mt-lg-0&#8243;][vc_gmaps link=&#8221;#E-8_JTNDaWZyYW1lJTIwc3JjJTNEJTIyaHR0cHMlM0ElMkYlMkZ3d3cuZ29vZ2xlLmNvbSUyRm1hcHMlMkZlbWJlZCUzRnBiJTNEJTIxMW0xOCUyMTFtMTIlMjExbTMlMjExZDM5MTkuMTc5NzQyODc4OTEzJTIxMmQxMDYuNjM3MjAxMjcwNDMyNzQlMjEzZDEwLjc5NzU0MTYzNTI5NzQxNCUyMTJtMyUyMTFmMCUyMTJmMCUyMTNmMCUyMTNtMiUyMTFpMTAyNCUyMTJpNzY4JTIxNGYxMy4xJTIxM20zJTIxMW0yJTIxMXMweDMxNzUyOTRkZTMwYWQxOGQlMjUzQTB4YzkyOGIzODBlZjYwZGFmNCUyMTJ6TVRFdk1UQWdWSExHc01haGJtY2dROE8wYm1jZ3hKRGh1NHR1YUN3Z1VHakdzT0c3blc1bklERTBMQ0JVdzZKdUlFTERyRzVvTENCSTRidVRJRU5vdzYwZ1RXbHVhQ3dnVm1uaHU0ZDBJRTVoYlElMjE1ZTAlMjEzbTIlMjExc3ZpJTIxMnMlMjE0djE3MzIyNzAwMzYzMDIlMjE1bTIlMjExc3ZpJTIxMnMlMjIlMjB3aWR0aCUzRCUyMjYwMCUyMiUyMGhlaWdodCUzRCUyMjQ1MCUyMiUyMHN0eWxlJTNEJTIyYm9yZGVyJTNBMCUzQiUyMiUyMGFsbG93ZnVsbHNjcmVlbiUzRCUyMiUyMiUyMGxvYWRpbmclM0QlMjJsYXp5JTIyJTIwcmVmZXJyZXJwb2xpY3klM0QlMjJuby1yZWZlcnJlci13aGVuLWRvd25ncmFkZSUyMiUzRSUzQyUyRmlmcmFtZSUzRQ==&#8221;][\/vc_column][\/vc_row]<\/p>\n<\/div>","protected":false},"excerpt":{"rendered":"<p>[vc_row wrap_container=&#8221;yes&#8221; el_class=&#8221;m-t-md&#8221;][vc_column][vc_row_inner][vc_column_inner width=&#8221;1\/2&#8243;][\/vc_column_inner][vc_column_inner width=&#8221;1\/2&#8243;][vc_custom_heading text=&#8221;Truy\u1ec1n Th\u00f4ng&#8221; font_container=&#8221;tag:h2|font_size:24px|text_align:left&#8221; use_theme_fonts=&#8221;yes&#8221; el_class=&#8221;ls-negative-1 mb-2&#8243;][\/vc_column_inner][\/vc_row_inner][\/vc_column][vc_column width=&#8221;1\/2&#8243; offset=&#8221;vc_col-lg-3 vc_col-md-3 vc_col-xs-12&#8243;][\/vc_column][vc_column width=&#8221;1\/2&#8243; offset=&#8221;vc_col-lg-3 vc_col-md-3 vc_col-xs-12&#8243;][\/vc_column][vc_column width=&#8221;1\/2&#8243; offset=&#8221;vc_col-lg-3 vc_col-md-3 vc_col-xs-12&#8243;][\/vc_column][vc_column width=&#8221;1\/2&#8243; offset=&#8221;vc_col-lg-3 vc_col-md-3 vc_col-xs-12&#8243;][\/vc_column][vc_column conditional_render=&#8221;%5B%7B%22value_role%22%3A%22administrator%22%7D%5D&#8221;][vc_separator color=&#8221;custom&#8221; accent_color=&#8221;#e7e7e7&#8243; css=&#8221;.vc_custom_1659513510482{margin-top: 48px !important;margin-bottom: 58px !important;}&#8221;][\/vc_column][\/vc_row][vc_row wrap_container=&#8221;yes&#8221; el_class=&#8221;m-b-lg&#8221; conditional_render=&#8221;%5B%7B%22value_role%22%3A%22administrator%22%7D%5D&#8221;][vc_column offset=&#8221;vc_col-lg-6 vc_col-md-6&#8243;][vc_custom_heading text=&#8221;G\u1eedi Email&#8221; font_container=&#8221;tag:h2|font_size:24px|text_align:left&#8221; use_theme_fonts=&#8221;yes&#8221; el_class=&#8221;ls-negative-1 mb-3&#8243;][\/vc_column][vc_column offset=&#8221;vc_col-lg-6 vc_col-md-6&#8243; el_class=&#8221;mt-5 mt-lg-0&#8243;][vc_gmaps link=&#8221;#E-8_JTNDaWZyYW1lJTIwc3JjJTNEJTIyaHR0cHMlM0ElMkYlMkZ3d3cuZ29vZ2xlLmNvbSUyRm1hcHMlMkZlbWJlZCUzRnBiJTNEJTIxMW0xOCUyMTFtMTIlMjExbTMlMjExZDM5MTkuMTc5NzQyODc4OTEzJTIxMmQxMDYuNjM3MjAxMjcwNDMyNzQlMjEzZDEwLjc5NzU0MTYzNTI5NzQxNCUyMTJtMyUyMTFmMCUyMTJmMCUyMTNmMCUyMTNtMiUyMTFpMTAyNCUyMTJpNzY4JTIxNGYxMy4xJTIxM20zJTIxMW0yJTIxMXMweDMxNzUyOTRkZTMwYWQxOGQlMjUzQTB4YzkyOGIzODBlZjYwZGFmNCUyMTJ6TVRFdk1UQWdWSExHc01haGJtY2dROE8wYm1jZ3hKRGh1NHR1YUN3Z1VHakdzT0c3blc1bklERTBMQ0JVdzZKdUlFTERyRzVvTENCSTRidVRJRU5vdzYwZ1RXbHVhQ3dnVm1uaHU0ZDBJRTVoYlElMjE1ZTAlMjEzbTIlMjExc3ZpJTIxMnMlMjE0djE3MzIyNzAwMzYzMDIlMjE1bTIlMjExc3ZpJTIxMnMlMjIlMjB3aWR0aCUzRCUyMjYwMCUyMiUyMGhlaWdodCUzRCUyMjQ1MCUyMiUyMHN0eWxlJTNEJTIyYm9yZGVyJTNBMCUzQiUyMiUyMGFsbG93ZnVsbHNjcmVlbiUzRCUyMiUyMiUyMGxvYWRpbmclM0QlMjJsYXp5JTIyJTIwcmVmZXJyZXJwb2xpY3klM0QlMjJuby1yZWZlcnJlci13aGVuLWRvd25ncmFkZSUyMiUzRSUzQyUyRmlmcmFtZSUzRQ==&#8221;][\/vc_column][\/vc_row]<\/p>\n","protected":false},"author":1,"featured_media":0,"parent":0,"menu_order":0,"comment_status":"closed","ping_status":"closed","template":"","meta":{"content-type":"","footnotes":""},"class_list":["post-4701","page","type-page","status-publish","hentry"],"_links":{"self":[{"href":"https:\/\/vietcard.com.vn\/index.php\/wp-json\/wp\/v2\/pages\/4701","targetHints":{"allow":["GET"]}}],"collection":[{"href":"https:\/\/vietcard.com.vn\/index.php\/wp-json\/wp\/v2\/pages"}],"about":[{"href":"https:\/\/vietcard.com.vn\/index.php\/wp-json\/wp\/v2\/types\/page"}],"author":[{"embeddable":true,"href":"https:\/\/vietcard.com.vn\/index.php\/wp-json\/wp\/v2\/users\/1"}],"replies":[{"embeddable":true,"href":"https:\/\/vietcard.com.vn\/index.php\/wp-json\/wp\/v2\/comments?post=4701"}],"version-history":[{"count":33,"href":"https:\/\/vietcard.com.vn\/index.php\/wp-json\/wp\/v2\/pages\/4701\/revisions"}],"predecessor-version":[{"id":5362,"href":"https:\/\/vietcard.com.vn\/index.php\/wp-json\/wp\/v2\/pages\/4701\/revisions\/5362"}],"wp:attachment":[{"href":"https:\/\/vietcard.com.vn\/index.php\/wp-json\/wp\/v2\/media?parent=4701"}],"curies":[{"name":"wp","href":"https:\/\/api.w.org\/{rel}","templated":true}]}}