{"id":2122,"date":"2020-02-25T08:21:14","date_gmt":"2020-02-25T08:21:14","guid":{"rendered":"http:\/\/sw-themes.com\/porto_dummy\/elementor-shop1\/?page_id=2122"},"modified":"2026-03-02T16:29:52","modified_gmt":"2026-03-02T09:29:52","slug":"about-us","status":"publish","type":"page","link":"https:\/\/vietcard.com.vn\/index.php\/about-us\/","title":{"rendered":"About Us"},"content":{"rendered":"<div class=\"wpb-content-wrapper\"><p>[vc_row wrap_container=&#8221;yes&#8221; css=&#8221;.vc_custom_1659506354463{padding-top: 35px !important;padding-bottom: 48px !important;}&#8221; conditional_render=&#8221;%5B%7B%22value_role%22%3A%22administrator%22%7D%5D&#8221;][vc_column]<div class=\"porto-u-heading m-b-md  wpb_custom_95aa9a11c17ad45cfabaf210d84ee7cc porto-u-5397\"><div class=\"porto-u-main-heading\"><h2   style=\"font-weight:700;color:#21293c;margin-bottom: 15px;font-size:19px;\">L\u1ecaCH S\u1eec H\u00ccNH TH\u00c0NH V\u00c0 PH\u00c1T TRI\u1ec2N<\/h2><\/div><div class=\"porto-u-sub-heading\" style=\"\"><strong>C\u00f4ng ty C\u1ed5 ph\u1ea7n C\u00f4ng Ngh\u1ec7 v\u00e0 Ph\u00e1t tri\u1ec3n Th\u1ebb Th\u00f4ng Minh (Vietcard)<\/strong> \u0111\u01b0\u01a1\u0323c th\u00e0nh l\u1eadp v\u00e0o n\u0103m 2003. Th\u01b0\u0323c hi\u00ea\u0323n mu\u0323c ti\u00eau tr\u01a1\u0309 tha\u0300nh nha\u0300 cung c\u00e2\u0301p ha\u0300ng \u0111\u00e2\u0300u trong l\u0129nh v\u1ef1c <strong>th\u1ebb nh\u1ef1a phi t\u00e0i ch\u00ednh \u2013 t\u00e0i ch\u00ednh, c\u00e1c thi\u1ebft b\u1ecb va\u0300 gi\u1ea3i ph\u00e1p li\u00ean quan \u0111\u1ebfn th\u1ebb nh\u1ef1a t\u1ea1i thi\u0323 tr\u01b0\u01a1\u0300ng Vi\u1ec7t Nam<\/strong>, c\u00f4ng ty chu\u0301ng t\u00f4i lu\u00f4n n\u00f4\u0303 l\u01b0\u0323c kh\u00f4ng ng\u01b0\u0300ng trong vi\u00ea\u0323c nghi\u00ean c\u01b0\u0301u pha\u0301t tri\u00ea\u0309n sa\u0309n ph\u00e2\u0309m va\u0300 ti\u0300m ki\u00ea\u0301m h\u01a1\u0323p ta\u0301c v\u01a1\u0301i ca\u0301c \u0111\u00f4\u0301i ta\u0301c uy ti\u0301n ta\u0323i n\u01b0\u01a1\u0301c ngoa\u0300i nh\u0103\u0300m mang \u0111\u00ea\u0301n cho kha\u0301ch ha\u0300ng nh\u01b0\u0303ng sa\u0309n ph\u00e2\u0309m t\u00f4\u0301t nh\u00e2\u0301t va\u0300 gia\u0301 ca\u0309 h\u01a1\u0323p ly\u0301 nh\u00e2\u0301t.<\/div><style>.porto-u-5397.porto-u-heading{text-align:left}<\/style><\/div>[vc_tabs][vc_tab title=&#8221;L\u1ee2I TH\u1ebe&#8221; tab_id=&#8221;98945fa3-1a4f-7&#8243;][vc_column_text]<strong>Vietcard l\u00e0 th\u00e0nh vi\u00ean c\u1ee7a t\u1ed5 ch\u1ee9c th\u1ebb thanh to\u00e1n qu\u1ed1c t\u1ebf Visa<\/strong><\/p>\n<p><strong>C\u00f4ng ngh\u1ec7 ti\u00ean ti\u1ebfn:<\/strong>\u00a0C\u00e1c s\u1ea3n ph\u1ea9m c\u1ee7a <strong>Vietcard<\/strong> \u0111\u01b0\u1ee3c \u1ee9ng d\u1ee5ng c\u00f4ng ngh\u1ec7 ti\u00ean ti\u1ebfn, s\u1eed d\u1ee5ng l\u00e2u b\u1ec1n \u0111\u1ed1i v\u1edbi th\u1ebb nh\u1ef1a, d\u1ec5 n\u00e2ng c\u1ea5p \u0111\u1ec3 \u0111\u00e1p \u1ee9ng \u0111\u01b0\u1ee3c nh\u1eefng nhu c\u1ea7u ph\u00e1t sinh trong t\u01b0\u01a1ng lai \u0111\u1ed1i v\u1edbi c\u00e1c thi\u1ebft b\u1ecb.<\/p>\n<p><strong>H\u1ed7 tr\u1ee3 k\u1ef9 thu\u1eadt :<\/strong>\u00a0<strong>Vietcard<\/strong> c\u00f3 v\u0103n ph\u00f2ng t\u1ea1i <strong>03 mi\u1ec1n B\u0103\u0301c-Trung-Nam<\/strong> cu\u0300ng v\u1edbi \u0111\u1ed9i k\u1ef9 thu\u1eadt \u0111\u01b0\u1ee3c \u0111\u00e0o t\u1ea1o b\u1edfi ch\u00ednh h\u00e3ng t\u1ea1i <strong>Korea, USA, India<\/strong>\u2026 , cam k\u1ebft cung c\u1ea5p cho kh\u00e1ch h\u00e0ng c\u00e1c d\u1ecbch v\u1ee5 k\u1ef9 thu\u1eadt, b\u1ea3o h\u00e0nh, b\u1ea3o tr\u00ec nhanh va\u0300 ch\u00ednh x\u00e1c.<\/p>\n<p><strong>Kinh nghi\u00ea\u0323m tri\u1ec3n khai c\u00e1c gi\u1ea3i ph\u00e1p \u2013 h\u1ec7 th\u1ed1ng:<\/strong>\u00a0<strong>Vietcard<\/strong> \u0111\u00e3 tri\u1ec3n khai th\u00e0nh c\u00f4ng c\u00e1c gi\u1ea3i ph\u00e1p t\u00edch h\u1ee3p h\u1ec7 th\u1ed1ng cho nhi\u1ec1u ng\u00e2n h\u00e0ng (th\u1ebb t\u00edn d\u1ee5ng, th\u1ebb ghi n\u1ee3\u2026), gi\u1ea3i ph\u00e1p ph\u00e1t h\u00e0nh th\u1ebb EMV, CUP\u2026 \/ c\u00f4ng ty, t\u1ed5 ch\u1ee9c ph\u00e1t h\u00e0nh (th\u1ebb kh\u00e1ch h\u00e0ng th\u00e2n thi\u1ebft, th\u1ebb H\u1ed9i vi\u00ean\u2026) tr\u00ean th\u1ecb tr\u01b0\u1eddng Vi\u1ec7t nam.<\/p>\n<p><strong>C\u00e1c d\u1ecbch v\u1ee5 h\u1ed7 tr\u1ee3\/ c\u00e1 th\u1ec3 ho\u00e1 kh\u00e1c:<\/strong>\u00a0Trong tr\u01b0\u1eddng h\u1ee3p kh\u00e1ch h\u00e0ng c\u00f3 nh\u1eefng tr\u1ee5c tr\u1eb7c v\u1ec1 k\u1ef9 thu\u1eadt trong qu\u00e1 tr\u00ecnh s\u1ea3n xu\u1ea5t \/ c\u00e1 th\u1ec3 ho\u00e1, <strong>Vietcard<\/strong> s\u1ebd cung c\u1ea5p cho kh\u00e1ch h\u00e0ng c\u00e1c thi\u1ebft b\u1ecb d\u1ef1 ph\u00f2ng ho\u1eb7c cung c\u1ea5p d\u1ecbch v\u1ee5 c\u00e1 th\u1ec3 ho\u00e1 h\u1ed9 kh\u00e1ch h\u00e0ng.[\/vc_column_text][\/vc_tab][vc_tab title=&#8221;PH\u01af\u01a0NG CH\u00c2M&#8221; tab_id=&#8221;6f660ac7-4e3d-2&#8243;][vc_column_text]&nbsp;<\/p>\n<p><img fetchpriority=\"high\" decoding=\"async\" class=\"size-medium wp-image-5175 aligncenter\" src=\"https:\/\/vietcard.com.vn\/wp-content\/uploads\/2025\/01\/phuong-cham-300x291.png\" alt=\"\" width=\"300\" height=\"291\" \/>[\/vc_column_text][\/vc_tab][\/vc_tabs][\/vc_column][\/vc_row][vc_row wrap_container=&#8221;yes&#8221; css=&#8221;.vc_custom_1519805538811{padding-top: 50px !important;padding-bottom: 40px !important;background-color: #f4f4f4 !important;}&#8221;][vc_column]<div class=\"porto-u-heading m-b-md  wpb_custom_95aa9a11c17ad45cfabaf210d84ee7cc porto-u-3896\"><div class=\"porto-u-main-heading\"><h2   style=\"font-weight:700;color:#21293c;font-size:19px;\">T\u1ea0I SAO CH\u1eccN CH\u00daNG T\u00d4I<\/h2><\/div><style>.porto-u-3896.porto-u-heading{text-align:left}<\/style><\/div>[vc_row_inner][vc_column_inner width=&#8221;1\/3&#8243;]<div class=\"porto-sicon-box  vc_custom_1732604709901  wpb_custom_a0e8eafd9f6b3a8b343b35a7ac494a51 style_1 top-icon\"><div class=\"porto-sicon-top\"><div class=\"porto-just-icon-wrapper porto-icon none\" style=\"color:#0088cc;font-size:55px;\"><i class=\"porto-icon-shipped\"><\/i><\/div><\/div><div class=\"porto-sicon-header\" style=\"margin-bottom:12px;\"><h3 class=\"porto-sicon-title\" style=\"font-weight:600;font-size:18px;line-height:20px;\">B\u1ea2O H\u00c0NH, B\u1ea2O TR\u00cc<\/h3><p>Ch\u00ednh s\u00e1ch h\u1eadu b\u00e1n h\u00e0ng \u01b0u vi\u1ec7t<\/p><\/div> <!-- header --><div class=\"porto-sicon-description\" style=\"font-size:15px;line-height:27px;\">\u0110i c\u00f9ng kh\u00e1ch h\u00e0ng theo n\u0103m th\u00e1ng, ch\u00fang t\u00f4i lu\u00f4n x\u00e2y d\u1ef1ng m\u1ed9t ch\u00ednh s\u00e1ch b\u1ea3o h\u00e0nh, b\u1ea3o tr\u00ec v\u00e0 h\u1eadu b\u00e1n h\u00e0ng h\u1ebft s\u1ee9c chuy\u00ean nghi\u1ec7p v\u00e0 t\u1eadn t\u00e2m. Ch\u00fang t\u00f4i c\u00f3 m\u1ed9t \u0111\u1ed9i ng\u0169 kinh doanh v\u00e0 k\u1ef9 thu\u1eadt chuy\u00ean nghi\u1ec7p \u0111\u1ec3 h\u1ed7 tr\u1ee3 b\u1ea1n<\/div> <!-- description --><\/div><!-- porto-sicon-box -->[\/vc_column_inner][vc_column_inner width=&#8221;1\/3&#8243;]<div class=\"porto-sicon-box  vc_custom_1732604656730  wpb_custom_a0e8eafd9f6b3a8b343b35a7ac494a51 style_1 top-icon\"><div class=\"porto-sicon-top\"><div class=\"porto-just-icon-wrapper porto-icon none\" style=\"color:#0088cc;font-size:55px;\"><i class=\"porto-icon-us-dollar\"><\/i><\/div><\/div><div class=\"porto-sicon-header\" style=\"margin-bottom:12px;\"><h3 class=\"porto-sicon-title\" style=\"font-weight:600;font-size:18px;line-height:20px;\">S\u1ea2N PH\u1ea8M CH\u1ea4T L\u01af\u1ee2NG<\/h3><p>An t\u00e2m v\u1edbi s\u1ea3n ph\u1ea9m c\u1ee7a ch\u00fang t\u00f4i<\/p><\/div> <!-- header --><div class=\"porto-sicon-description\" style=\"font-size:15px;line-height:27px;\">Vietcard J.S.C nh\u00e0 ph\u00e2n ph\u1ed1i chuy\u00ean cung c\u1ea5p \u0111a d\u1ea1ng c\u00e1c d\u00f2ng s\u1ea3n ph\u1ea9m c\u1ee7a c\u00e1c th\u01b0\u01a1ng hi\u1ec7u uy t\u00edn h\u00e0ng \u0111\u1ea7u th\u1ebf gi\u1edbi.<\/div> <!-- description --><\/div><!-- porto-sicon-box -->[\/vc_column_inner][vc_column_inner width=&#8221;1\/3&#8243;]<div class=\"porto-sicon-box  vc_custom_1732604600131  wpb_custom_a0e8eafd9f6b3a8b343b35a7ac494a51 style_1 top-icon\"><div class=\"porto-sicon-top\"><div class=\"porto-just-icon-wrapper porto-icon none\" style=\"color:#0088cc;font-size:55px;\"><i class=\"porto-icon-online-support\"><\/i><\/div><\/div><div class=\"porto-sicon-header\" style=\"margin-bottom:12px;\"><h3 class=\"porto-sicon-title\" style=\"font-weight:600;font-size:18px;line-height:20px;\">H\u1ed6 TR\u1ee2 KH\u00c1CH H\u00c0NG<\/h3><p>B\u1ea1n s\u1ebd kh\u00f4ng c\u00f4 \u0111\u01a1n<\/p><\/div> <!-- header --><div class=\"porto-sicon-description\" style=\"font-size:15px;line-height:27px;\">Ch\u00fang t\u00f4i th\u1ef1c s\u1ef1 quan t\u00e2m \u0111\u1ebfn kh\u00e1ch h\u00e0ng c\u1ee7a m\u00ecnh, v\u00e0 s\u1ebd lu\u00f4n \u1edf \u0111\u00e2y \u0111\u1ec3 h\u1ed7 tr\u1ee3, ph\u1ee5c v\u1ee5 m\u1ed9t c\u00e1ch chu \u0111\u00e1o nh\u1ea5t. Mua b\u1ea5t k\u1ef3 s\u1ea3n ph\u1ea9m n\u00e0o c\u1ee7a ch\u00fang t\u00f4i b\u1ea1n s\u1ebd lu\u00f4n nh\u1eadn \u0111\u01b0\u1ee3c s\u1ef1 h\u1ed7 tr\u1ee3 24\/7.<\/div> <!-- description --><\/div><!-- porto-sicon-box -->[\/vc_column_inner][\/vc_row_inner][\/vc_column][\/vc_row][vc_row wrap_container=&#8221;yes&#8221; content_placement=&#8221;middle&#8221; css=&#8221;.vc_custom_1736168653097{padding-top: 50px !important;padding-bottom: 15px !important;background-color: #f4f4f4 !important;}&#8221; conditional_render=&#8221;%5B%7B%22value_role%22%3A%22administrator%22%7D%5D&#8221;][vc_column width=&#8221;1\/5&#8243; conditional_render=&#8221;%5B%7B%22value_role%22%3A%22administrator%22%7D%5D&#8221;]<div class=\"stats-block stats-left  inline-block  wpb_custom_a517333ace5b1666c6af8bd4684f1de9  vc_custom_1736168355147\"><div class=\"stats-desc\"><div id=\"counter_161483766769e49cb100b3c\" data-id=\"counter_161483766769e49cb100b3c\" class=\"stats-number\" style=\" font-weight:800;font-size:32px;line-height:32px;color:#0087cb;\" data-speed=\"3\" data-counter-value=\"19\" data-separator=\",\" data-decimal=\".\">0<\/div><div class=\"counter_suffix mycust\" style=\" font-weight:800;font-size:32px;line-height:32px;color:#0087cb\">+<\/div><div class=\"stats-text\" style=\"font-weight:600;font-size:14px;line-height:25px;color:#7b858a;\">N\u0102M HO\u1ea0T \u0110\u1ed8NG<\/div><\/div><\/div>[\/vc_column][vc_column width=&#8221;1\/5&#8243;]<div class=\"stats-block stats-left  inline-block  wpb_custom_a517333ace5b1666c6af8bd4684f1de9  vc_custom_1736168411565\"><div class=\"stats-desc\"><div id=\"counter_184821987169e49cb100d9f\" data-id=\"counter_184821987169e49cb100d9f\" class=\"stats-number\" style=\" font-weight:800;font-size:32px;line-height:32px;color:#0087cb;\" data-speed=\"3\" data-counter-value=\"100\" data-separator=\"none\" data-decimal=\".\">0<\/div><div class=\"counter_suffix mycust\" style=\" font-weight:800;font-size:32px;line-height:32px;color:#0087cb\">+<\/div><div class=\"stats-text\" style=\"font-weight:600;font-size:14px;line-height:25px;color:#7b858a;\">KH\u00c1CH H\u00c0NG<\/div><\/div><\/div>[\/vc_column][vc_column width=&#8221;1\/5&#8243;]<div class=\"stats-block stats-left  inline-block  wpb_custom_a517333ace5b1666c6af8bd4684f1de9  vc_custom_1736168420324\"><div class=\"stats-desc\"><div id=\"counter_70326943969e49cb100fd8\" data-id=\"counter_70326943969e49cb100fd8\" class=\"stats-number\" style=\" font-weight:800;font-size:32px;line-height:32px;color:#0087cb;\" data-speed=\"3\" data-counter-value=\"98\" data-separator=\"none\" data-decimal=\".\">0<\/div><div class=\"counter_suffix mycust\" style=\" font-weight:800;font-size:19px;line-height:32px;color:#0087cb\">%<\/div><div class=\"stats-text\" style=\"font-weight:600;font-size:14px;line-height:25px;color:#7b858a;\">HO\u00c0N TH\u00c0NH T\u1ed0T<\/div><\/div><\/div>[\/vc_column][vc_column width=&#8221;1\/5&#8243;]<div class=\"stats-block stats-left  inline-block  wpb_custom_a517333ace5b1666c6af8bd4684f1de9  vc_custom_1736168427632\"><div class=\"stats-desc\"><div id=\"counter_69673845669e49cb1011fe\" data-id=\"counter_69673845669e49cb1011fe\" class=\"stats-number\" style=\" font-weight:800;font-size:32px;line-height:32px;color:#0087cb;\" data-speed=\"3\" data-counter-value=\"50\" data-separator=\"none\" data-decimal=\".\">0<\/div><div class=\"counter_suffix mycust\" style=\" font-weight:800;font-size:32px;line-height:32px;color:#0087cb\">+<\/div><div class=\"stats-text\" style=\"font-weight:600;font-size:14px;line-height:25px;color:#7b858a;\">NH\u00c2N VI\u00caN<\/div><\/div><\/div>[\/vc_column][vc_column width=&#8221;1\/5&#8243;]<div class=\"stats-block stats-left  inline-block  wpb_custom_a517333ace5b1666c6af8bd4684f1de9  vc_custom_1736168435462\"><div class=\"stats-desc\"><div id=\"counter_56080379969e49cb10143c\" data-id=\"counter_56080379969e49cb10143c\" class=\"stats-number\" style=\" font-weight:800;font-size:32px;line-height:32px;color:#0087cb;\" data-speed=\"3\" data-counter-value=\"4\" data-separator=\"none\" data-decimal=\".\">0<\/div><div class=\"counter_suffix mycust\" style=\" font-weight:800;font-size:32px;line-height:32px;color:#0087cb\">+<\/div><div class=\"stats-text\" style=\"font-weight:600;font-size:14px;line-height:25px;color:#7b858a;\">CHI NH\u00c1NH<\/div><\/div><\/div>[\/vc_column][\/vc_row]<\/p>\n<\/div>","protected":false},"excerpt":{"rendered":"<p>[vc_row wrap_container=&#8221;yes&#8221; css=&#8221;.vc_custom_1659506354463{padding-top: 35px !important;padding-bottom: 48px !important;}&#8221; conditional_render=&#8221;%5B%7B%22value_role%22%3A%22administrator%22%7D%5D&#8221;][vc_column][vc_tabs][vc_tab title=&#8221;L\u1ee2I TH\u1ebe&#8221; tab_id=&#8221;98945fa3-1a4f-7&#8243;][vc_column_text]Vietcard l\u00e0 th\u00e0nh vi\u00ean c\u1ee7a t\u1ed5 ch\u1ee9c th\u1ebb thanh to\u00e1n qu\u1ed1c t\u1ebf Visa C\u00f4ng ngh\u1ec7 ti\u00ean ti\u1ebfn:\u00a0C\u00e1c s\u1ea3n ph\u1ea9m c\u1ee7a Vietcard \u0111\u01b0\u1ee3c \u1ee9ng d\u1ee5ng c\u00f4ng ngh\u1ec7 ti\u00ean ti\u1ebfn, s\u1eed d\u1ee5ng l\u00e2u b\u1ec1n \u0111\u1ed1i v\u1edbi th\u1ebb nh\u1ef1a, d\u1ec5 n\u00e2ng c\u1ea5p \u0111\u1ec3 \u0111\u00e1p \u1ee9ng \u0111\u01b0\u1ee3c nh\u1eefng nhu [&hellip;]<\/p>\n","protected":false},"author":1,"featured_media":0,"parent":0,"menu_order":0,"comment_status":"closed","ping_status":"closed","template":"","meta":{"content-type":"","footnotes":""},"class_list":["post-2122","page","type-page","status-publish","hentry"],"_links":{"self":[{"href":"https:\/\/vietcard.com.vn\/index.php\/wp-json\/wp\/v2\/pages\/2122","targetHints":{"allow":["GET"]}}],"collection":[{"href":"https:\/\/vietcard.com.vn\/index.php\/wp-json\/wp\/v2\/pages"}],"about":[{"href":"https:\/\/vietcard.com.vn\/index.php\/wp-json\/wp\/v2\/types\/page"}],"author":[{"embeddable":true,"href":"https:\/\/vietcard.com.vn\/index.php\/wp-json\/wp\/v2\/users\/1"}],"replies":[{"embeddable":true,"href":"https:\/\/vietcard.com.vn\/index.php\/wp-json\/wp\/v2\/comments?post=2122"}],"version-history":[{"count":27,"href":"https:\/\/vietcard.com.vn\/index.php\/wp-json\/wp\/v2\/pages\/2122\/revisions"}],"predecessor-version":[{"id":5364,"href":"https:\/\/vietcard.com.vn\/index.php\/wp-json\/wp\/v2\/pages\/2122\/revisions\/5364"}],"wp:attachment":[{"href":"https:\/\/vietcard.com.vn\/index.php\/wp-json\/wp\/v2\/media?parent=2122"}],"curies":[{"name":"wp","href":"https:\/\/api.w.org\/{rel}","templated":true}]}}