{"id":143,"date":"2016-06-20T07:48:11","date_gmt":"2016-06-20T07:48:11","guid":{"rendered":"http:\/\/sw-themes.com\/porto_dummy\/?page_id=143"},"modified":"2026-03-02T16:37:20","modified_gmt":"2026-03-02T09:37:20","slug":"home","status":"publish","type":"page","link":"https:\/\/vietcard.com.vn\/","title":{"rendered":"Home"},"content":{"rendered":"<div class=\"wpb-content-wrapper\"><p>[vc_row full_width=&#8221;stretch_row_content_no_spaces&#8221; el_class=&#8221;home-slider&#8221;][vc_column][vc_images_carousel images=&#8221;4913,4922,4923,4924&#8243; img_size=&#8221;full&#8221; onclick=&#8221;link_no&#8221; speed=&#8221;3000&#8243; autoplay=&#8221;yes&#8221; hide_pagination_control=&#8221;yes&#8221; wrap=&#8221;yes&#8221; css_animation=&#8221;zoomIn&#8221;][\/vc_column][\/vc_row][vc_row wrap_container=&#8221;yes&#8221; animation_type=&#8221;fadeInUp&#8221; el_class=&#8221;pt-5 pb-4&#8243; css=&#8221;.vc_custom_1723967132737{margin-top: -37px !important;background-color: #f6f7f9 !important;}&#8221; conditional_render=&#8221;%5B%7B%22value_role%22%3A%22administrator%22%7D%5D&#8221;][vc_column width=&#8221;1\/3&#8243;]<div class=\"porto-sicon-box px-4  wpb_custom_6bd3ea43243bb56571d580d187f8d1d7 style_1 top-icon\"><div class=\"porto-sicon-top\"><div class=\"porto-just-icon-wrapper porto-icon advanced\" style=\"color:#0088cc;border-style:solid;border-color:#dddddd;border-width:2px;width:76px;height:76px;line-height:76px;border-radius:40px;font-size:40px;\"><i class=\"Simple-Line-Icons-earphones-alt\"><\/i><\/div><\/div><div class=\"porto-sicon-header\" style=\"margin-bottom:12px;\"><h3 class=\"porto-sicon-title\" style=\"font-weight:700;font-size:16px;\">H\u1ed6 TR\u1ee2 KH\u00c1CH H\u00c0NG<\/h3><p style=\"font-weight:500;font-size:14px;line-height:22px;color:#555555;\">B\u1ea1n s\u1ebd kh\u00f4ng c\u00f4 \u0111\u01a1n<\/p><\/div> <!-- header --><div class=\"porto-sicon-description\" style=\"font-size:13px;\">Ch\u00fang t\u00f4i th\u1ef1c s\u1ef1 quan t\u00e2m \u0111\u1ebfn kh\u00e1ch h\u00e0ng c\u1ee7a m\u00ecnh, v\u00e0 s\u1ebd lu\u00f4n \u1edf \u0111\u00e2y \u0111\u1ec3 h\u1ed7 tr\u1ee3, ph\u1ee5c v\u1ee5 m\u1ed9t c\u00e1ch chu \u0111\u00e1o nh\u1ea5t. Mua b\u1ea5t k\u1ef3 s\u1ea3n ph\u1ea9m n\u00e0o c\u1ee7a ch\u00fang t\u00f4i b\u1ea1n s\u1ebd lu\u00f4n nh\u1eadn \u0111\u01b0\u1ee3c s\u1ef1 h\u1ed7 tr\u1ee3 24\/7.<\/div> <!-- description --><\/div><!-- porto-sicon-box -->[\/vc_column][vc_column width=&#8221;1\/3&#8243;]<div class=\"porto-sicon-box px-4  wpb_custom_6bd3ea43243bb56571d580d187f8d1d7 style_1 top-icon\"><div class=\"porto-sicon-top\"><div class=\"porto-just-icon-wrapper porto-icon advanced\" style=\"color:#0088cc;border-style:solid;border-color:#dddddd;border-width:2px;width:76px;height:76px;line-height:76px;border-radius:40px;font-size:40px;\"><i class=\"Simple-Line-Icons-credit-card\"><\/i><\/div><\/div><div class=\"porto-sicon-header\" style=\"margin-bottom:12px;\"><h3 class=\"porto-sicon-title\" style=\"font-weight:700;font-size:16px;\">S\u1ea2N PH\u1ea8M CH\u1ea4T L\u01af\u1ee2NG<\/h3><p style=\"font-weight:500;font-size:14px;line-height:22px;color:#555555;\">An t\u00e2m v\u1edbi s\u1ea3n ph\u1ea9m c\u1ee7a ch\u00fang t\u00f4i<\/p><\/div> <!-- header --><div class=\"porto-sicon-description\" style=\"font-size:13px;\">Vietcard J.S.C nh\u00e0 ph\u00e2n ph\u1ed1i chuy\u00ean cung c\u1ea5p \u0111a d\u1ea1ng c\u00e1c d\u00f2ng s\u1ea3n ph\u1ea9m c\u1ee7a c\u00e1c th\u01b0\u01a1ng hi\u1ec7u uy t\u00edn h\u00e0ng \u0111\u1ea7u th\u1ebf gi\u1edbi.<\/div> <!-- description --><\/div><!-- porto-sicon-box -->[\/vc_column][vc_column width=&#8221;1\/3&#8243;]<div class=\"porto-sicon-box px-4  wpb_custom_6bd3ea43243bb56571d580d187f8d1d7 style_1 top-icon\"><div class=\"porto-sicon-top\"><div class=\"porto-just-icon-wrapper porto-icon advanced\" style=\"color:#0088cc;border-style:solid;border-color:#dddddd;border-width:2px;width:76px;height:76px;line-height:76px;border-radius:40px;font-size:40px;\"><i class=\"Simple-Line-Icons-action-undo\"><\/i><\/div><\/div><div class=\"porto-sicon-header\" style=\"margin-bottom:12px;\"><h3 class=\"porto-sicon-title\" style=\"font-weight:700;font-size:16px;\">B\u1ea2O H\u00c0NH, B\u1ea2O TR\u00cc<\/h3><p style=\"font-weight:500;font-size:14px;line-height:22px;color:#555555;\">Ch\u00ednh s\u00e1ch h\u1eadu b\u00e1n h\u00e0ng \u01b0u vi\u1ec7t<\/p><\/div> <!-- header --><div class=\"porto-sicon-description\" style=\"font-size:13px;\">\u0110i c\u00f9ng kh\u00e1ch h\u00e0ng theo n\u0103m th\u00e1ng, ch\u00fang t\u00f4i lu\u00f4n x\u00e2y d\u1ef1ng m\u1ed9t ch\u00ednh s\u00e1ch b\u1ea3o h\u00e0nh, b\u1ea3o tr\u00ec v\u00e0 h\u1eadu b\u00e1n h\u00e0ng h\u1ebft s\u1ee9c chuy\u00ean nghi\u1ec7p v\u00e0 t\u1eadn t\u00e2m. Ch\u00fang t\u00f4i c\u00f3 m\u1ed9t \u0111\u1ed9i ng\u0169 kinh doanh v\u00e0 k\u1ef9 thu\u1eadt chuy\u00ean nghi\u1ec7p \u0111\u1ec3 h\u1ed7 tr\u1ee3 b\u1ea1n<\/div> <!-- description --><\/div><!-- porto-sicon-box -->[\/vc_column][\/vc_row][vc_row wrap_container=&#8221;yes&#8221; css=&#8221;.vc_custom_1723967082849{background-color: #fbfbfb !important;}&#8221; el_class=&#8221;p-t-xl pb-3&#8243; conditional_render=&#8221;%5B%7B%22value_role%22%3A%22administrator%22%7D%5D&#8221;][vc_column][vc_custom_heading text=&#8221;S\u1ea2N PH\u1ea8M N\u1ed4I B\u1eacT&#8221; font_container=&#8221;tag:h2|font_size:18px|text_align:center&#8221; use_theme_fonts=&#8221;yes&#8221; text_transform=&#8221;text-uppercase&#8221; letter_spacing=&#8221;-0.36px&#8221; show_border=&#8221;yes&#8221; border_type=&#8221;middle-border-center&#8221; css=&#8221;.vc_custom_1723962883463{margin-top: 1px !important;}&#8221; el_class=&#8221;m-b-sm&#8221; border_spacing=&#8221;{&#8220;xl&#8220;:&#8220;20&#8220;,&#8220;unit&#8220;:&#8220;&#8220;,&#8220;xs&#8220;:&#8220;&#8220;,&#8220;sm&#8220;:&#8220;&#8220;,&#8220;md&#8220;:&#8220;&#8220;,&#8220;lg&#8220;:&#8220;&#8220;}&#8221;][porto_tb_posts post_type=&#8221;product&#8221; product_status=&#8221;featured&#8221; view=&#8221;slider&#8221; columns_mobile=&#8221;2&#8243; nav_pos=&#8221;nav-center-images-only&#8221; nav_pos2=&#8221;nav-pos-outside&#8221; nav_type=&#8221;nav-style-4&#8243; show_nav_hover=&#8221;yes&#8221; nav_visible=&#8221;{&#8220;xl&#8220;:&#8220;block&#8220;}&#8221; builder_id=&#8221;3842&#8243;][\/vc_column][\/vc_row][vc_row wrap_container=&#8221;yes&#8221; conditional_render=&#8221;%5B%7B%22value_role%22%3A%22administrator%22%7D%5D&#8221; el_class=&#8221;m-t-xl&#8221; css=&#8221;.vc_custom_1723963382943{margin-bottom: -4px !important;}&#8221;][vc_column][vc_custom_heading text=&#8221;DANH M\u1ee4C S\u1ea2N PH\u1ea8M&#8221; font_container=&#8221;tag:h2|font_size:18px|text_align:center&#8221; use_theme_fonts=&#8221;yes&#8221; text_transform=&#8221;text-uppercase&#8221; letter_spacing=&#8221;-0.36px&#8221; show_border=&#8221;yes&#8221; border_type=&#8221;middle-border-center&#8221; css=&#8221;.vc_custom_1723962822534{margin-top: 2px !important;margin-bottom: 36px !important;}&#8221; border_spacing=&#8221;{&#8220;xl&#8220;:&#8220;20&#8220;,&#8220;unit&#8220;:&#8220;&#8220;,&#8220;xs&#8220;:&#8220;&#8220;,&#8220;sm&#8220;:&#8220;&#8220;,&#8220;md&#8220;:&#8220;&#8220;,&#8220;lg&#8220;:&#8220;&#8220;}&#8221;][porto_tb_posts source=&#8221;terms&#8221; tax=&#8221;product_cat&#8221; view=&#8221;slider&#8221; columns=&#8221;5&#8243; nav_pos2=&#8221;nav-pos-inside&#8221; nav_type=&#8221;nav-style-4&#8243; show_nav_hover=&#8221;yes&#8221; nav_visible=&#8221;{&#8220;xl&#8220;:&#8220;block&#8220;}&#8221; builder_id=&#8221;3950&#8243; count=&#8221;9&#8243; terms=&#8221;38, 49, 51, 64, 56, 63, 58, 95, 106&#8243;][\/vc_column][\/vc_row][vc_row wrap_container=&#8221;yes&#8221; conditional_render=&#8221;%5B%7B%22value_role%22%3A%22administrator%22%7D%5D&#8221; el_class=&#8221;m-t-xl&#8221;][vc_column][vc_custom_heading text=&#8221;TIN T\u1ee8C &amp; S\u1ef0 KI\u1ec6N&#8221; font_container=&#8221;tag:h2|font_size:18px|text_align:center&#8221; use_theme_fonts=&#8221;yes&#8221; text_transform=&#8221;text-uppercase&#8221; letter_spacing=&#8221;-0.36px&#8221; show_border=&#8221;yes&#8221; border_type=&#8221;middle-border-center&#8221; css=&#8221;.vc_custom_1723962934471{margin-bottom: 12px !important;}&#8221; border_spacing=&#8221;{&#8220;xl&#8220;:&#8220;20&#8220;,&#8220;unit&#8220;:&#8220;&#8220;,&#8220;xs&#8220;:&#8220;&#8220;,&#8220;sm&#8220;:&#8220;&#8220;,&#8220;md&#8220;:&#8220;&#8220;,&#8220;lg&#8220;:&#8220;&#8220;}&#8221;][porto_tb_posts post_type=&#8221;post&#8221; order=&#8221;DESC&#8221; builder_id=&#8221;4055&#8243; count=&#8221;8&#8243; post_ids=&#8221;5251, 5248, 5245, 5228, 5234, 5238, 5220, 5217, 5213, 5004, 5009, 1354, 1344&#8243;][vc_separator color=&#8221;custom&#8221; style=&#8221;solid&#8221; accent_color=&#8221;rgba(0,0,0,0.06)&#8221; css=&#8221;.vc_custom_1657538767814{margin-top: 26px !important;margin-bottom: 46px !important;}&#8221;][vc_custom_heading text=&#8221;\u0110\u1ed0I T\u00c1C&#8221; font_container=&#8221;tag:h2|font_size:18px|text_align:center&#8221; use_theme_fonts=&#8221;yes&#8221; text_transform=&#8221;text-uppercase&#8221; letter_spacing=&#8221;-0.36px&#8221; show_border=&#8221;yes&#8221; border_type=&#8221;middle-border-center&#8221; css=&#8221;.vc_custom_1733938925354{margin-bottom: 12px !important;}&#8221; border_spacing=&#8221;{&#8220;xl&#8220;:&#8220;20&#8220;,&#8220;unit&#8220;:&#8220;&#8220;,&#8220;xs&#8220;:&#8220;&#8220;,&#8220;sm&#8220;:&#8220;&#8220;,&#8220;md&#8220;:&#8220;&#8220;,&#8220;lg&#8220;:&#8220;&#8220;}&#8221;]<div class=\"porto-gallery has-ccols ccols-2 ccols-md-3 ccols-lg-4 ccols-xl-6 wpb_custom_82c630d95ab35787a36773748bd47a31 porto-carousel owl-carousel align-items-center m-b-xl p-b-xs\" data-plugin-options=\"{&quot;autoplayTimeout&quot;:5000,&quot;items&quot;:6,&quot;xl&quot;:6,&quot;lg&quot;:4,&quot;md&quot;:3,&quot;sm&quot;:2,&quot;xs&quot;:2,&quot;nav&quot;:&quot;&quot;,&quot;dots&quot;:false}\"><figure><img decoding=\"async\" width=\"130\" height=\"56\" src=\"https:\/\/vietcard.com.vn\/wp-content\/uploads\/2024\/11\/Matica.png\" class=\"attachment-full size-full\" alt=\"\" \/><\/figure><figure><img decoding=\"async\" width=\"130\" height=\"56\" src=\"https:\/\/vietcard.com.vn\/wp-content\/uploads\/2024\/11\/Goldpac-1.png\" class=\"attachment-full size-full\" alt=\"\" \/><\/figure><figure><img decoding=\"async\" width=\"130\" height=\"56\" src=\"https:\/\/vietcard.com.vn\/wp-content\/uploads\/2024\/11\/imedia.png\" class=\"attachment-full size-full\" alt=\"\" \/><\/figure><figure><img loading=\"lazy\" decoding=\"async\" width=\"130\" height=\"56\" src=\"https:\/\/vietcard.com.vn\/wp-content\/uploads\/2024\/11\/GND.png\" class=\"attachment-full size-full\" alt=\"\" \/><\/figure><figure><img loading=\"lazy\" decoding=\"async\" width=\"130\" height=\"56\" src=\"https:\/\/vietcard.com.vn\/wp-content\/uploads\/2024\/11\/Nbs-2.png\" class=\"attachment-full size-full\" alt=\"\" \/><\/figure><figure><img loading=\"lazy\" decoding=\"async\" width=\"130\" height=\"56\" src=\"https:\/\/vietcard.com.vn\/wp-content\/uploads\/2024\/11\/ubiq.png\" class=\"attachment-full size-full\" alt=\"\" \/><\/figure><\/div>[vc_custom_heading text=&#8221;KH\u00c1CH H\u00c0NG&#8221; font_container=&#8221;tag:h2|font_size:18px|text_align:center&#8221; use_theme_fonts=&#8221;yes&#8221; text_transform=&#8221;text-uppercase&#8221; letter_spacing=&#8221;-0.36px&#8221; show_border=&#8221;yes&#8221; border_type=&#8221;middle-border-center&#8221; css=&#8221;.vc_custom_1733938974082{margin-bottom: 12px !important;}&#8221; border_spacing=&#8221;{&#8220;xl&#8220;:&#8220;20&#8220;,&#8220;unit&#8220;:&#8220;&#8220;,&#8220;xs&#8220;:&#8220;&#8220;,&#8220;sm&#8220;:&#8220;&#8220;,&#8220;md&#8220;:&#8220;&#8220;,&#8220;lg&#8220;:&#8220;&#8220;}&#8221;]<div class=\"porto-gallery has-ccols ccols-2 ccols-md-3 ccols-lg-4 ccols-xl-6 wpb_custom_82c630d95ab35787a36773748bd47a31 porto-carousel owl-carousel align-items-center m-b-xl p-b-xs\" data-plugin-options=\"{&quot;autoplayTimeout&quot;:5000,&quot;items&quot;:6,&quot;xl&quot;:6,&quot;lg&quot;:4,&quot;md&quot;:3,&quot;sm&quot;:2,&quot;xs&quot;:2,&quot;nav&quot;:&quot;&quot;,&quot;dots&quot;:false}\"><figure><img loading=\"lazy\" decoding=\"async\" width=\"130\" height=\"56\" src=\"https:\/\/vietcard.com.vn\/wp-content\/uploads\/2024\/11\/bidv.png\" class=\"attachment-full size-full\" alt=\"\" \/><\/figure><figure><img loading=\"lazy\" decoding=\"async\" width=\"130\" height=\"56\" src=\"https:\/\/vietcard.com.vn\/wp-content\/uploads\/2025\/01\/vpbank-1.png\" class=\"attachment-full size-full\" alt=\"\" \/><\/figure><figure><img loading=\"lazy\" decoding=\"async\" width=\"130\" height=\"56\" src=\"https:\/\/vietcard.com.vn\/wp-content\/uploads\/2025\/01\/vcb.png\" class=\"attachment-full size-full\" alt=\"\" \/><\/figure><figure><img loading=\"lazy\" decoding=\"async\" width=\"130\" height=\"56\" src=\"https:\/\/vietcard.com.vn\/wp-content\/uploads\/2025\/01\/acb-1.png\" class=\"attachment-full size-full\" alt=\"\" \/><\/figure><figure><img loading=\"lazy\" decoding=\"async\" width=\"130\" height=\"56\" src=\"https:\/\/vietcard.com.vn\/wp-content\/uploads\/2025\/01\/mb-3.png\" class=\"attachment-full size-full\" alt=\"\" \/><\/figure><figure><img loading=\"lazy\" decoding=\"async\" width=\"130\" height=\"56\" src=\"https:\/\/vietcard.com.vn\/wp-content\/uploads\/2025\/01\/exb-1.png\" class=\"attachment-full size-full\" alt=\"\" \/><\/figure><\/div>[vc_separator color=&#8221;custom&#8221; style=&#8221;solid&#8221; accent_color=&#8221;rgba(0,0,0,0.06)&#8221; css=&#8221;.vc_custom_1657538809878{margin-top: 29px !important;margin-bottom: 39px !important;}&#8221;][\/vc_column][\/vc_row]<\/p>\n<\/div>","protected":false},"excerpt":{"rendered":"<p>[vc_row full_width=&#8221;stretch_row_content_no_spaces&#8221; el_class=&#8221;home-slider&#8221;][vc_column][vc_images_carousel images=&#8221;4913,4922,4923,4924&#8243; img_size=&#8221;full&#8221; onclick=&#8221;link_no&#8221; speed=&#8221;3000&#8243; autoplay=&#8221;yes&#8221; hide_pagination_control=&#8221;yes&#8221; wrap=&#8221;yes&#8221; css_animation=&#8221;zoomIn&#8221;][\/vc_column][\/vc_row][vc_row wrap_container=&#8221;yes&#8221; animation_type=&#8221;fadeInUp&#8221; el_class=&#8221;pt-5 pb-4&#8243; css=&#8221;.vc_custom_1723967132737{margin-top: -37px !important;background-color: #f6f7f9 !important;}&#8221; conditional_render=&#8221;%5B%7B%22value_role%22%3A%22administrator%22%7D%5D&#8221;][vc_column width=&#8221;1\/3&#8243;][\/vc_column][vc_column width=&#8221;1\/3&#8243;][\/vc_column][vc_column width=&#8221;1\/3&#8243;][\/vc_column][\/vc_row][vc_row wrap_container=&#8221;yes&#8221; css=&#8221;.vc_custom_1723967082849{background-color: #fbfbfb !important;}&#8221; el_class=&#8221;p-t-xl pb-3&#8243; conditional_render=&#8221;%5B%7B%22value_role%22%3A%22administrator%22%7D%5D&#8221;][vc_column][vc_custom_heading text=&#8221;S\u1ea2N PH\u1ea8M N\u1ed4I B\u1eacT&#8221; font_container=&#8221;tag:h2|font_size:18px|text_align:center&#8221; use_theme_fonts=&#8221;yes&#8221; text_transform=&#8221;text-uppercase&#8221; letter_spacing=&#8221;-0.36px&#8221; show_border=&#8221;yes&#8221; border_type=&#8221;middle-border-center&#8221; css=&#8221;.vc_custom_1723962883463{margin-top: 1px !important;}&#8221; el_class=&#8221;m-b-sm&#8221; border_spacing=&#8221;{&#8220;xl&#8220;:&#8220;20&#8220;,&#8220;unit&#8220;:&#8220;&#8220;,&#8220;xs&#8220;:&#8220;&#8220;,&#8220;sm&#8220;:&#8220;&#8220;,&#8220;md&#8220;:&#8220;&#8220;,&#8220;lg&#8220;:&#8220;&#8220;}&#8221;][porto_tb_posts post_type=&#8221;product&#8221; product_status=&#8221;featured&#8221; view=&#8221;slider&#8221; columns_mobile=&#8221;2&#8243; nav_pos=&#8221;nav-center-images-only&#8221; nav_pos2=&#8221;nav-pos-outside&#8221; nav_type=&#8221;nav-style-4&#8243; show_nav_hover=&#8221;yes&#8221; nav_visible=&#8221;{&#8220;xl&#8220;:&#8220;block&#8220;}&#8221; [&hellip;]<\/p>\n","protected":false},"author":1,"featured_media":0,"parent":0,"menu_order":0,"comment_status":"closed","ping_status":"closed","template":"","meta":{"content-type":"","footnotes":""},"class_list":["post-143","page","type-page","status-publish","hentry"],"_links":{"self":[{"href":"https:\/\/vietcard.com.vn\/index.php\/wp-json\/wp\/v2\/pages\/143","targetHints":{"allow":["GET"]}}],"collection":[{"href":"https:\/\/vietcard.com.vn\/index.php\/wp-json\/wp\/v2\/pages"}],"about":[{"href":"https:\/\/vietcard.com.vn\/index.php\/wp-json\/wp\/v2\/types\/page"}],"author":[{"embeddable":true,"href":"https:\/\/vietcard.com.vn\/index.php\/wp-json\/wp\/v2\/users\/1"}],"replies":[{"embeddable":true,"href":"https:\/\/vietcard.com.vn\/index.php\/wp-json\/wp\/v2\/comments?post=143"}],"version-history":[{"count":68,"href":"https:\/\/vietcard.com.vn\/index.php\/wp-json\/wp\/v2\/pages\/143\/revisions"}],"predecessor-version":[{"id":5375,"href":"https:\/\/vietcard.com.vn\/index.php\/wp-json\/wp\/v2\/pages\/143\/revisions\/5375"}],"wp:attachment":[{"href":"https:\/\/vietcard.com.vn\/index.php\/wp-json\/wp\/v2\/media?parent=143"}],"curies":[{"name":"wp","href":"https:\/\/api.w.org\/{rel}","templated":true}]}}