{"id":1380,"date":"2018-04-10T03:11:22","date_gmt":"2018-04-10T03:11:22","guid":{"rendered":"http:\/\/sw-themes.com\/porto_dummy\/product\/import-placeholder-for-1272\/"},"modified":"2024-12-06T09:02:47","modified_gmt":"2024-12-06T09:02:47","slug":"s4200lx","status":"publish","type":"product","link":"https:\/\/vietcard.com.vn\/en\/index.php\/product\/s4200lx\/","title":{"rendered":"S4200LX"},"content":{"rendered":"<p><strong>Kh\u1eafc laser th\u1ebb ph\u1eb3ng, d\u00e0nh cho ch\u01b0\u01a1ng tr\u00ecnh ph\u00e1t h\u00e0nh th\u1ebb \u0111\u1ecbnh danh b\u1ea3o m\u1eadt ph\u00e2n t\u00e1n<\/strong><\/p>\n<p><strong>S4200LX<\/strong> l\u00e0 gi\u1ea3i ph\u00e1p kh\u1eafc laser t\u1ed1t nh\u1ea5t trong ph\u00e2n kh\u00fac cho vi\u1ec7c ph\u00e1t h\u00e0nh th\u1ebb \u0111\u1ecbnh danh t\u1ea1i ch\u1ed7 phi t\u1eadp trung. H\u1ec7 th\u1ed1ng nh\u1ecf g\u1ecdn n\u00e0y s\u1eed d\u1ee5ng ngu\u1ed3n laser hi\u1ec7n \u0111\u1ea1i \u0111\u01b0\u1ee3c s\u1eed d\u1ee5ng trong m\u00e1y kh\u1eafc laser c\u00f4ng nghi\u1ec7p c\u1ee7a Matica \u0111\u1ec3 ph\u00e1t h\u00e0nh th\u1ebb s\u1ed1 l\u01b0\u1ee3ng l\u1edbn.<\/p>\n<p>&nbsp;<\/p>\n<p><img loading=\"lazy\" decoding=\"async\" class=\"aligncenter wp-image-5149\" src=\"https:\/\/vietcard.com.vn\/en\/wp-content\/uploads\/2018\/04\/S4200LXthongso-300x122.jpg\" alt=\"\" width=\"700\" height=\"285\" srcset=\"https:\/\/vietcard.com.vn\/en\/wp-content\/uploads\/2018\/04\/S4200LXthongso-400x163.jpg 400w, https:\/\/vietcard.com.vn\/en\/wp-content\/uploads\/2018\/04\/S4200LXthongso.jpg 568w\" sizes=\"auto, (max-width: 700px) 100vw, 700px\" \/><\/p>\n<p>&nbsp;<\/p>\n<p>Th\u00edch h\u1ee3p cho vi\u1ec7c ph\u00e1t h\u00e0nh ph\u00e2n t\u00e1n c\u00e1c lo\u1ea1i th\u1ebb \u0111\u1ecbnh danh l\u00e0m t\u1eeb polycarbonate c\u00f3 \u0111\u1ed9 b\u1ea3o m\u1eadt cao, t\u00edch h\u1ee3p c\u00e1c t\u00ednh n\u0103ng b\u1ea3o m\u1eadt nh\u01b0 ch\u1eef nh\u1ecf, h\u00ecnh \u1ea3nh nghi\u00eang v\u00e0 c\u00e1c th\u00e0nh ph\u1ea7n trong su\u1ed1t-\u0111\u1ee5c..<\/p>\n<p>Ngu\u1ed3n laser ti\u00ean ti\u1ebfn k\u1ebft h\u1ee3p v\u1edbi c\u1ea5u tr\u00fac m\u00f4-\u0111un k\u00e9p t\u1ea1o n\u00ean m\u1ed9t s\u1ea3n ph\u1ea9m nh\u1ecf g\u1ecdn, hi\u1ec7u qu\u1ea3 \u0111\u1ec3 \u0111\u00e1p \u1ee9ng c\u00e1c y\u00eau c\u1ea7u ph\u00e1t h\u00e0nh kh\u1eaft khe nh\u1ea5t v\u1ec1 t\u00ednh linh ho\u1ea1t, hi\u1ec7u su\u1ea5t v\u00e0 ch\u1ea5t l\u01b0\u1ee3ng kh\u1eafc d\u00e0nh cho m\u00e1y \u0111\u1ec3 b\u00e0n<\/p>\n<p>&nbsp;<\/p>\n<p><img loading=\"lazy\" decoding=\"async\" class=\"aligncenter wp-image-5150\" src=\"https:\/\/vietcard.com.vn\/en\/wp-content\/uploads\/2018\/04\/S4200LXthongso2-300x258.jpg\" alt=\"\" width=\"1000\" height=\"858\" srcset=\"https:\/\/vietcard.com.vn\/en\/wp-content\/uploads\/2018\/04\/S4200LXthongso2-768x659.jpg 768w, https:\/\/vietcard.com.vn\/en\/wp-content\/uploads\/2018\/04\/S4200LXthongso2-640x549.jpg 640w, https:\/\/vietcard.com.vn\/en\/wp-content\/uploads\/2018\/04\/S4200LXthongso2-400x343.jpg 400w, https:\/\/vietcard.com.vn\/en\/wp-content\/uploads\/2018\/04\/S4200LXthongso2-600x515.jpg 600w\" sizes=\"auto, (max-width: 1000px) 100vw, 1000px\" \/><\/p>\n","protected":false},"excerpt":{"rendered":"<p><strong>M\u00e1y kh\u1eafc laser \u0111\u1ec3 b\u00e0n ch\u1ea5t l\u01b0\u1ee3ng c\u00f4ng nghi\u1ec7p<\/strong><\/p>\n<p><strong>S4200LX mang \u0111\u1ebfn:<\/strong><\/p>\n<p>\u2023 Laser s\u1ee3i quang 10W<br \/>\n\u2023 T\u1ed1c \u0111\u1ed9 c\u00f3 th\u1ec3 l\u00ean \u0111\u1ebfn 1000 th\u1ebb\/gi\u1edd<br \/>\n\u2023 C\u00e1c t\u00ednh n\u0103ng b\u1ea3o m\u1eadt &#8211; bao g\u1ed3m kh\u1eafc hai m\u1eb7t,<br \/>\nh\u00ecnh \u1ea3nh nghi\u00eang, v\u0103n b\u1ea3n si\u00eau nh\u1ecf, nhi\u1ec1u t\u00f9y ch\u1ecdn<br \/>\nm\u00e3 h\u00f3a<br \/>\n\u2023 T\u00ednh linh ho\u1ea1t &#8211; 600 th\u1ebb \u0111\u1ea7u v\u00e0o v\u00e0 600 th\u1ebb \u0111\u1ea7u<br \/>\nra, laser vect\u01a1 v\u00e0 ph\u00f4ng ch\u1eef TrueType\u00ae<br \/>\n\u2023 S\u1ef1 m\u1ea1nh m\u1ebd, tin c\u1eady l\u00e0m n\u00ean ch\u1ea5t l\u01b0\u1ee3ng<br \/>\n\u2023 C\u00f3 th\u1ec3 c\u00e1 th\u1ec3 h\u00f3a th\u1ebb ph\u1ee7 kim lo\u1ea1i v\u00e0 nhi\u1ec1u lo\u1ea1i<br \/>\nnh\u1ef1a t\u1ed5ng h\u1ee3p<br \/>\n\u2023 B\u1ea3o h\u00e0nh 3 n\u0103m (b\u1ea3o h\u00e0nh \u0111\u1ea7u in tr\u1ecdn \u0111\u1eddi)<\/p>\n<p><strong>L\u00fd t\u01b0\u1edfng cho:<\/strong><br \/>\n\u2023 Ch\u01b0\u01a1ng tr\u00ecnh ph\u00e1t h\u00e0nh ph\u00e2n t\u00e1n c\u1ee1 v\u1eeba v\u00e0 nh\u1ecf<br \/>\n\u2023 Th\u1ebb \u0111\u1ecbnh danh\/ c\u0103n c\u01b0\u1edbc<br \/>\n\u2023 Gi\u1ea5y ph\u00e9p l\u00e1i xe<br \/>\n\u2023 C\u00e1c th\u1ebb \u0111\u1ecbnh danh kh\u00e1c c\u1ee7a ch\u00ednh ph\u1ee7<\/p>\n","protected":false},"featured_media":5145,"comment_status":"open","ping_status":"closed","template":"","meta":{"content-type":""},"product_cat":[51,38],"product_tag":[109],"class_list":{"0":"post-1380","1":"product","2":"type-product","3":"status-publish","4":"has-post-thumbnail","6":"product_cat-may-laser-destop","7":"product_cat-thiet-bi","8":"product_tag-may-laser-desktop","10":"first","11":"instock","12":"featured","13":"shipping-taxable","14":"product-type-simple","15":"add-to-wishlist-after_add_to_cart"},"_links":{"self":[{"href":"https:\/\/vietcard.com.vn\/en\/index.php\/wp-json\/wp\/v2\/product\/1380","targetHints":{"allow":["GET"]}}],"collection":[{"href":"https:\/\/vietcard.com.vn\/en\/index.php\/wp-json\/wp\/v2\/product"}],"about":[{"href":"https:\/\/vietcard.com.vn\/en\/index.php\/wp-json\/wp\/v2\/types\/product"}],"replies":[{"embeddable":true,"href":"https:\/\/vietcard.com.vn\/en\/index.php\/wp-json\/wp\/v2\/comments?post=1380"}],"wp:featuredmedia":[{"embeddable":true,"href":"https:\/\/vietcard.com.vn\/en\/index.php\/wp-json\/wp\/v2\/media\/5145"}],"wp:attachment":[{"href":"https:\/\/vietcard.com.vn\/en\/index.php\/wp-json\/wp\/v2\/media?parent=1380"}],"wp:term":[{"taxonomy":"product_cat","embeddable":true,"href":"https:\/\/vietcard.com.vn\/en\/index.php\/wp-json\/wp\/v2\/product_cat?post=1380"},{"taxonomy":"product_tag","embeddable":true,"href":"https:\/\/vietcard.com.vn\/en\/index.php\/wp-json\/wp\/v2\/product_tag?post=1380"}],"curies":[{"name":"wp","href":"https:\/\/api.w.org\/{rel}","templated":true}]}}