{"id":1367,"date":"2018-04-10T03:10:57","date_gmt":"2018-04-10T03:10:57","guid":{"rendered":"http:\/\/sw-themes.com\/porto_dummy\/product\/import-placeholder-for-839\/"},"modified":"2024-12-06T09:03:13","modified_gmt":"2024-12-06T09:03:13","slug":"s6200e","status":"publish","type":"product","link":"https:\/\/vietcard.com.vn\/en\/index.php\/product\/s6200e\/","title":{"rendered":"S6200E"},"content":{"rendered":"<p><strong>D\u1eacP N\u1ed4I NHANH CH\u00d3NG V\u00c0 CH\u1ea4T L\u01af\u1ee2NG<\/strong><\/p>\n<p><strong>S6200E<\/strong> c\u00f3 nhi\u1ec1u t\u00f9y ch\u1ecdn m\u00e3 h\u00f3a v\u00e0 c\u00f3 th\u1ec3 th\u1ef1c hi\u1ec7n d\u1eadp n\u1ed5i, kh\u1eafc ch\u00ecm m\u1eb7t tr\u01b0\u1edbc v\u00e0 sau, t\u1ea5t c\u1ea3 ch\u1ec9 trong m\u1ed9t b\u01b0\u1edbc duy nh\u1ea5t, kh\u1ed1i l\u01b0\u1ee3ng s\u1ea3n xu\u1ea5t th\u1ebb l\u00ean t\u1edbi 600 th\u1ebb m\u1ed7i gi\u1edd.<\/p>\n<p>Ch\u1ecdn c\u00e1c t\u00f9y ch\u1ecdn m\u00e3 h\u00f3a th\u1ebb th\u00f4ng minh theo nhu c\u1ea7u c\u1ee7a b\u1ea1n. <strong>S6200E<\/strong> c\u00f3 th\u1ec3 k\u1ebft h\u1ee3p<br \/>\n\u2022 m\u1ed9t tr\u1ea1m m\u00e3 h\u00f3a contact ho\u1eb7c<br \/>\n\u2022 1 tr\u1ea1m th\u1ebb th\u00f4ng minh kh\u00f4ng ti\u1ebfp x\u00fac ho\u1eb7c<br \/>\n\u2022 Multipe &#8211; Smartcard c\u00e1 th\u1ec3 h\u00f3a th\u1ebb th\u00f4ng minh.<\/p>\n<p>&nbsp;<\/p>\n<p><img loading=\"lazy\" decoding=\"async\" class=\"aligncenter wp-image-5152\" src=\"https:\/\/vietcard.com.vn\/en\/wp-content\/uploads\/2018\/04\/S6200-187x300.jpg\" alt=\"\" width=\"700\" height=\"1121\" srcset=\"https:\/\/vietcard.com.vn\/en\/wp-content\/uploads\/2018\/04\/S6200-640x1024.jpg 640w, https:\/\/vietcard.com.vn\/en\/wp-content\/uploads\/2018\/04\/S6200-400x640.jpg 400w, https:\/\/vietcard.com.vn\/en\/wp-content\/uploads\/2018\/04\/S6200-600x960.jpg 600w\" sizes=\"auto, (max-width: 700px) 100vw, 700px\" \/><\/p>\n<p>&nbsp;<\/p>\n<p><strong>L\u1ef0A CH\u1eccN NHI\u1ec0U \u1ee8NG D\u1ee4NG<\/strong><\/p>\n<p>M\u00e3 h\u00f3a \u0111\u01a1n ho\u1eb7c \u0111a chip v\u00e0 m\u00e3 h\u00f3a t\u1eeb c\u00f3 hi\u1ec7u n\u0103ng cao. M\u00f4-\u0111un c\u00e1 th\u1ec3 h\u00f3a th\u1ebb \u0111a th\u00f4ng minh c\u00f3 th\u1ec3 c\u00e1 th\u1ec3 h\u00f3a t\u1ed1i \u0111a 5 th\u1ebb ti\u1ebfp x\u00fac ho\u1eb7c 3 th\u1ebb kh\u00f4ng ti\u1ebfp x\u00fac c\u00f9ng m\u1ed9t l\u00fac. <strong>S6200E<\/strong> bao g\u1ed3m m\u1ed9t m\u00f4-\u0111un chuy\u00ean nghi\u1ec7p, m\u00f4-\u0111un n\u00e0y c\u00f3 s\u1eb5n v\u1edbi m\u1ed9t lo\u1ea1t c\u00e1c m\u00e0u s\u1eafc tipping v\u00e0 m\u1ed9t ruy b\u0103ng r\u1ea5t d\u00e0i (c\u00f3 th\u1ec3 in l\u00ean \u0111\u1ebfn 4.000 th\u1ebb). \u0110\u1ec3 t\u0103ng s\u1ea3n l\u01b0\u1ee3ng th\u1ebb t\u1ed5ng th\u1ec3, c\u00f3 th\u1ec3 th\u00eam m\u1ed9t tr\u1ed1ng n\u1eefa \u0111\u1ec3 d\u1eadp n\u1ed5i v\u00e0 kh\u1eafc ch\u00ecm m\u1ed9t c\u00e1c nhanh ch\u00f3ng.<\/p>\n<p><strong>\u0110\u00c1NH GI\u00c1 V\u00c0 \u0110\u00c1NG TIN C\u1eacY<\/strong><\/p>\n<p>H\u1ec7 th\u1ed1ng <strong>S6200E<\/strong> n\u00e0y \u0111\u01b0\u1ee3c thi\u1ebft k\u1ebf \u0111\u1ec3 \u0111\u00e1p \u1ee9ng nhu c\u1ea7u c\u1ee5 th\u1ec3 h\u00f3a th\u1ebb \u1edf m\u1ee9c trung b\u00ecnh. N\u00f3 k\u1ebft h\u1ee3p dung l\u01b0\u1ee3ng th\u1ebb \u0111\u1ea7u v\u00e0o ph\u00f9 h\u1ee3p, \u0111\u00e1ng tin c\u1eady c\u00f9ng v\u1edbi ch\u1ea5t l\u01b0\u1ee3ng s\u1ea3n xu\u1ea5t cao v\u00e0 t\u00ednh to\u00e0n v\u1eb9n d\u1eef li\u1ec7u th\u1ebb an to\u00e0n.<br \/>\n<strong>S6200E<\/strong> \u0111i k\u00e8m v\u1edbi m\u1ed9t t\u1ee7 c\u00f3 dung l\u01b0\u1ee3ng l\u01b0u tr\u1eef cho th\u1ebb v\u00e0 v\u1eadt t\u01b0 ti\u00eau hao, c\u0169ng nh\u01b0 h\u1ed7 tr\u1ee3 cho m\u00e0n h\u00ecnh v\u00e0 b\u00e0n ph\u00edm b\u00ean ngo\u00e0i.<\/p>\n<p><strong>N\u0102NG L\u1ef0C GI\u1ea2I PH\u00c1P<\/strong><\/p>\n<p><strong>S6200E<\/strong> \u0111\u01b0\u1ee3c c\u1ea5u h\u00ecnh tr\u01b0\u1edbc \u0111\u1ec3 c\u00f3 th\u1ec3 ho\u1ea1t \u0111\u1ed9ng ho\u00e0n to\u00e0n t\u1ef1 \u0111\u1ed9ng ho\u1eb7c c\u00f3 th\u1ec3 n\u00e2ng c\u1ea5p l\u00ean m\u1ed9t n\u1ec1n t\u1ea3ng v\u1edbi t\u1ed1i \u0111a 5 m\u00f4-\u0111un. N\u00f3 c\u00f3 th\u1ec3 \u0111\u01b0\u1ee3c li\u00ean k\u1ebft v\u1edbi m\u1ed9t h\u1ec7 th\u1ed1ng g\u1ea5p th\u1ebb v\u00e0 ch\u00e8n phong b\u00ec. H\u1ec7 th\u1ed1ng n\u00e0y c\u00f3 th\u1ec3 n\u00e2ng c\u1ea5p l\u00ean h\u1ec7 th\u1ed1ng ph\u00e1t h\u00e0nh s\u1ed1 l\u01b0\u1ee3ng l\u1edbn S7000 cho c\u00e1c m\u00f4i tr\u01b0\u1eddng s\u1ea3n xu\u1ea5t \u0111\u00f2i h\u1ecfi kh\u1eaft khe h\u01a1n<\/p>\n","protected":false},"excerpt":{"rendered":"<p><strong>\u00a0<span class=\"fontstyle0\">H\u1ec6 TH\u1ed0NG PH\u00c1T H\u00c0NH TH\u1eba<\/span><\/strong><\/p>\n<p>\u0110\u01b0\u1ee3c thi\u1ebft k\u1ebf \u0111\u1eb7c bi\u1ec7t cho c\u00e1c trung t\u00e2m c\u00e1 th\u1ec3 h\u00f3a th\u1ebb v\u00e0 c\u00e1c t\u1ed5 ch\u1ee9c t\u00e0i ch\u00ednh ph\u00e1t tri\u1ec3n c\u00e1c ch\u01b0\u01a1ng tr\u00ecnh ph\u00e1t h\u00e0nh th\u1ebb t\u1eadp trung \u1edf m\u1ee9c trung b\u00ecnh, <strong>S6200E<\/strong> \u0111\u01b0\u1ee3c c\u1ea5u h\u00ecnh s\u1eb5n c\u00e1c tr\u1ea1m m\u00e3 h\u00f3a, d\u1eadp n\u1ed5i v\u00e0 kh\u1eafc ch\u00ecm<br \/>\n\u0111\u1ed9c \u0111\u00e1o \u0111\u1ea3m b\u1ea3o s\u1ea3n xu\u1ea5t th\u1ebb ch\u1ea5t l\u01b0\u1ee3ng cao.<\/p>\n","protected":false},"featured_media":5020,"comment_status":"open","ping_status":"closed","template":"","meta":{"content-type":""},"product_cat":[63,38],"product_tag":[110],"class_list":{"0":"post-1367","1":"product","2":"type-product","3":"status-publish","4":"has-post-thumbnail","6":"product_cat-may-tam-trung","7":"product_cat-thiet-bi","8":"product_tag-may-tam-trung","10":"first","11":"instock","12":"featured","13":"downloadable","14":"shipping-taxable","15":"product-type-simple","16":"add-to-wishlist-after_add_to_cart"},"_links":{"self":[{"href":"https:\/\/vietcard.com.vn\/en\/index.php\/wp-json\/wp\/v2\/product\/1367","targetHints":{"allow":["GET"]}}],"collection":[{"href":"https:\/\/vietcard.com.vn\/en\/index.php\/wp-json\/wp\/v2\/product"}],"about":[{"href":"https:\/\/vietcard.com.vn\/en\/index.php\/wp-json\/wp\/v2\/types\/product"}],"replies":[{"embeddable":true,"href":"https:\/\/vietcard.com.vn\/en\/index.php\/wp-json\/wp\/v2\/comments?post=1367"}],"wp:featuredmedia":[{"embeddable":true,"href":"https:\/\/vietcard.com.vn\/en\/index.php\/wp-json\/wp\/v2\/media\/5020"}],"wp:attachment":[{"href":"https:\/\/vietcard.com.vn\/en\/index.php\/wp-json\/wp\/v2\/media?parent=1367"}],"wp:term":[{"taxonomy":"product_cat","embeddable":true,"href":"https:\/\/vietcard.com.vn\/en\/index.php\/wp-json\/wp\/v2\/product_cat?post=1367"},{"taxonomy":"product_tag","embeddable":true,"href":"https:\/\/vietcard.com.vn\/en\/index.php\/wp-json\/wp\/v2\/product_tag?post=1367"}],"curies":[{"name":"wp","href":"https:\/\/api.w.org\/{rel}","templated":true}]}}