{"id":1364,"date":"2018-04-09T03:10:52","date_gmt":"2018-04-09T03:10:52","guid":{"rendered":"http:\/\/sw-themes.com\/porto_dummy\/product\/import-placeholder-for-602\/"},"modified":"2024-12-06T09:05:35","modified_gmt":"2024-12-06T09:05:35","slug":"mc310","status":"publish","type":"product","link":"https:\/\/vietcard.com.vn\/en\/index.php\/product\/mc310\/","title":{"rendered":"MC310"},"content":{"rendered":"<p><strong>Matica MC310<\/strong> mang kh\u1ea3 n\u0103ng \u0111\u1ed9c nh\u1ea5t v\u00f4 nh\u1ecb v\u1ec1 t\u00ednh linh ho\u1ea1t c\u1ee7a n\u00f3. N\u00f3 c\u00f3 th\u1ec3 \u0111\u01b0\u1ee3c n\u00e2ng c\u1ea5p t\u1eeb in m\u1ed9t m\u1eb7t sang hai m\u1eb7t ho\u1eb7c nhi\u1ec1u t\u00f9y ch\u1ecdn m\u00e3 h\u00f3a b\u1ea3o m\u1eadt th\u1ebb.<br \/>\nV\u1eadt t\u01b0 ti\u00eau hao &#8211; ruy b\u0103ng chromXpert c\u1ee7a n\u00f3 r\u1ea5t nhi\u1ec1u lo\u1ea1i v\u00e0 c\u00f2n bao g\u1ed3m c\u00e1c t\u00f9y ch\u1ecdn ruy b\u0103ng b\u1ea3o m\u1eadt nh\u01b0 UV v\u00e0 Sc (ng\u1ecdc trai).<\/p>\n<p>&nbsp;<\/p>\n<p><img loading=\"lazy\" decoding=\"async\" class=\"wp-image-5138 aligncenter\" src=\"https:\/\/vietcard.com.vn\/en\/wp-content\/uploads\/2018\/04\/Untitled-1-1-300x250.jpg\" alt=\"\" width=\"1000\" height=\"834\" srcset=\"https:\/\/vietcard.com.vn\/en\/wp-content\/uploads\/2018\/04\/Untitled-1-1-400x334.jpg 400w, https:\/\/vietcard.com.vn\/en\/wp-content\/uploads\/2018\/04\/Untitled-1-1-600x500.jpg 600w, https:\/\/vietcard.com.vn\/en\/wp-content\/uploads\/2018\/04\/Untitled-1-1.jpg 620w\" sizes=\"auto, (max-width: 1000px) 100vw, 1000px\" \/><\/p>\n<p>&nbsp;<\/p>\n<p><strong>MC310<\/strong> t\u00edch h\u1ee3p li\u1ec1n m\u1ea1ch v\u1edbi c\u1ea3 c\u00e1c t\u00f9y ch\u1ecdn m\u00f4 \u0111un \u00e9p laminate v\u00e0 kh\u1eafc laser, l\u00fd t\u01b0\u1edfng cho c\u00e1c d\u1ef1 \u00e1n th\u1ebb \u0111\u1ecbnh danh b\u1ea3o m\u1eadt v\u00e0 ph\u00e1t h\u00e0nh c\u00e1c lo\u1ea1i th\u1ebb s\u1ed1 l\u01b0\u1ee3ng l\u1edbn.<br \/>\nC\u1ea5u t\u1ea1o ho\u00e0n h\u1ea3o c\u1ee7a n\u00f3 \u0111\u01b0\u1ee3c h\u1ed7 tr\u1ee3 b\u1ea3o h\u00e0nh l\u00ean \u0111\u1ebfn b\u1ed1n n\u0103m.<\/p>\n<p>&nbsp;<\/p>\n<p><img loading=\"lazy\" decoding=\"async\" class=\"aligncenter wp-image-5139\" src=\"https:\/\/vietcard.com.vn\/en\/wp-content\/uploads\/2018\/04\/MC310THONGSO-250x300.jpg\" alt=\"\" width=\"1000\" height=\"1200\" srcset=\"https:\/\/vietcard.com.vn\/en\/wp-content\/uploads\/2018\/04\/MC310THONGSO-854x1024.jpg 854w, https:\/\/vietcard.com.vn\/en\/wp-content\/uploads\/2018\/04\/MC310THONGSO-768x921.jpg 768w, https:\/\/vietcard.com.vn\/en\/wp-content\/uploads\/2018\/04\/MC310THONGSO-640x768.jpg 640w, https:\/\/vietcard.com.vn\/en\/wp-content\/uploads\/2018\/04\/MC310THONGSO-400x480.jpg 400w, https:\/\/vietcard.com.vn\/en\/wp-content\/uploads\/2018\/04\/MC310THONGSO-600x720.jpg 600w\" sizes=\"auto, (max-width: 1000px) 100vw, 1000px\" \/><\/p>\n","protected":false},"excerpt":{"rendered":"<p>T\u1ed1t nh\u1ea5t trong d\u00f2ng m\u00e1y ph\u00e1t h\u00e0nh th\u1ebb \u0111\u1ecbnh danh b\u1ea3o m\u1eadt.<\/p>\n<p><strong>MC310 mang \u0111\u1ebfn:<\/strong><br \/>\n\u2023 T\u00ednh linh ho\u1ea1t &#8211; bao g\u1ed3m nhi\u1ec1u<br \/>\nt\u00f9y ch\u1ecdn m\u00e3 h\u00f3a, \u00e9p laminate v\u00e0<br \/>\nkh\u1eafc laser<br \/>\n\u2023 S\u1eed d\u1ee5ng \u0111\u01b0\u1ee3c nhi\u1ec1u lo\u1ea1i ruy b\u0103ng,<br \/>\nb\u1ea3o g\u00f4m c\u1ea3 ruy b\u0103ng b\u1ea3o m\u1eadt<br \/>\n\u2023 \u0110\u1ed9 ph\u00e2n gi\u1ea3i 300dpi<br \/>\n\u2023 In th\u1ebb m\u00e0u l\u00ean \u0111\u1ebfn 180 th\u1ebb\/gi\u1edd<br \/>\n<strong>L\u00fd t\u01b0\u1edfng cho:<\/strong><br \/>\n\u2023 C\u00e1c d\u1ef1 \u00e1n th\u1ebb \u0111\u1ecbnh danh b\u1ea3o m\u1eadt<br \/>\n\u2023 Ph\u00e1t h\u00e0nh th\u1ebb s\u1ed1 l\u01b0\u1ee3ng v\u1eeba v\u00e0 l\u1edbn<\/p>\n","protected":false},"featured_media":5135,"comment_status":"open","ping_status":"closed","template":"","meta":{"content-type":""},"product_cat":[49,38],"product_tag":[108],"class_list":{"0":"post-1364","1":"product","2":"type-product","3":"status-publish","4":"has-post-thumbnail","6":"product_cat-may-in-destop","7":"product_cat-thiet-bi","8":"product_tag-may-in-desktop","10":"first","11":"instock","12":"featured","13":"downloadable","14":"shipping-taxable","15":"product-type-simple","16":"add-to-wishlist-after_add_to_cart"},"_links":{"self":[{"href":"https:\/\/vietcard.com.vn\/en\/index.php\/wp-json\/wp\/v2\/product\/1364","targetHints":{"allow":["GET"]}}],"collection":[{"href":"https:\/\/vietcard.com.vn\/en\/index.php\/wp-json\/wp\/v2\/product"}],"about":[{"href":"https:\/\/vietcard.com.vn\/en\/index.php\/wp-json\/wp\/v2\/types\/product"}],"replies":[{"embeddable":true,"href":"https:\/\/vietcard.com.vn\/en\/index.php\/wp-json\/wp\/v2\/comments?post=1364"}],"wp:featuredmedia":[{"embeddable":true,"href":"https:\/\/vietcard.com.vn\/en\/index.php\/wp-json\/wp\/v2\/media\/5135"}],"wp:attachment":[{"href":"https:\/\/vietcard.com.vn\/en\/index.php\/wp-json\/wp\/v2\/media?parent=1364"}],"wp:term":[{"taxonomy":"product_cat","embeddable":true,"href":"https:\/\/vietcard.com.vn\/en\/index.php\/wp-json\/wp\/v2\/product_cat?post=1364"},{"taxonomy":"product_tag","embeddable":true,"href":"https:\/\/vietcard.com.vn\/en\/index.php\/wp-json\/wp\/v2\/product_tag?post=1364"}],"curies":[{"name":"wp","href":"https:\/\/api.w.org\/{rel}","templated":true}]}}