{"id":1363,"date":"2018-04-09T03:10:48","date_gmt":"2018-04-09T03:10:48","guid":{"rendered":"http:\/\/sw-themes.com\/porto_dummy\/product\/import-placeholder-for-600\/"},"modified":"2024-12-06T09:05:44","modified_gmt":"2024-12-06T09:05:44","slug":"mc110","status":"publish","type":"product","link":"https:\/\/vietcard.com.vn\/en\/index.php\/product\/mc110\/","title":{"rendered":"MC110"},"content":{"rendered":"<p><strong>MC110<\/strong> l\u00e0 gi\u1ea3i ph\u00e1p l\u00fd t\u01b0\u1edfng \u0111\u1ec3 thi\u1ebft l\u1eadp ch\u01b0\u01a1ng tr\u00ecnh ph\u00e1t h\u00e0nh th\u1ebb \u0111\u1ecbnh danh n\u1ed9i b\u1ed9 v\u00e0 \u0111\u01b0\u1ee3c s\u1eed d\u1ee5ng r\u1ed9ng r\u00e3i b\u1edfi c\u00e1c t\u1ed5 ch\u1ee9c th\u00e0nh vi\u00ean v\u00e0 c\u00e1c doanh nghi\u1ec7p v\u1eeba v\u00e0 nh\u1ecf. D\u1ef1a tr\u00ean c\u00f4ng c\u1ee5 in m\u1ea1nh m\u1ebd v\u00e0 \u0111\u00e1ng tin c\u1eady c\u1ee7a Matica, <strong>MC110<\/strong> c\u00f3 th\u1ec3 in c\u00e1c th\u1ebb r\u1ef1c r\u1ee1, \u0111\u1ea7y m\u00e0u s\u1eafc m\u1ed7i khi s\u1eed d\u1ee5ng.<\/p>\n<p>&nbsp;<\/p>\n<p><img loading=\"lazy\" decoding=\"async\" class=\"aligncenter wp-image-5126\" src=\"https:\/\/vietcard.com.vn\/en\/wp-content\/uploads\/2018\/04\/Untitled-1.jpg\" alt=\"\" width=\"1000\" height=\"442\" srcset=\"https:\/\/vietcard.com.vn\/en\/wp-content\/uploads\/2018\/04\/Untitled-1.jpg 656w, https:\/\/vietcard.com.vn\/en\/wp-content\/uploads\/2018\/04\/Untitled-1-640x283.jpg 640w, https:\/\/vietcard.com.vn\/en\/wp-content\/uploads\/2018\/04\/Untitled-1-400x177.jpg 400w, https:\/\/vietcard.com.vn\/en\/wp-content\/uploads\/2018\/04\/Untitled-1-600x265.jpg 600w\" sizes=\"auto, (max-width: 1000px) 100vw, 1000px\" \/><\/p>\n<p>&nbsp;<\/p>\n<p>T\u00f9y ch\u1ecdn n\u00e2ng c\u1ea5p t\u1eeb in m\u1ed9t m\u1eb7t sang hai m\u1eb7t, <strong>MC110<\/strong> c\u0169ng c\u00f3 th\u1ec3 n\u00e2ng c\u1ea5p th\u00eam m\u1ed9t \u0111\u1ea7u ghi chip ti\u1ebfp x\u00fac\/kh\u00f4ng ti\u1ebfp x\u00fac cho ph\u00e1t h\u00e0nh th\u1ebb th\u00f4ng minh \u0111\u1ec3 ki\u1ec3m so\u00e1t truy c\u1eadp v\u00e0 ra v\u00e0o.<\/p>\n<p>&nbsp;<\/p>\n<p><img loading=\"lazy\" decoding=\"async\" class=\"aligncenter wp-image-5128\" src=\"https:\/\/vietcard.com.vn\/en\/wp-content\/uploads\/2018\/04\/mc1103-273x300.jpg\" alt=\"\" width=\"1000\" height=\"1098\" srcset=\"https:\/\/vietcard.com.vn\/en\/wp-content\/uploads\/2018\/04\/mc1103-932x1024.jpg 932w, https:\/\/vietcard.com.vn\/en\/wp-content\/uploads\/2018\/04\/mc1103-768x844.jpg 768w, https:\/\/vietcard.com.vn\/en\/wp-content\/uploads\/2018\/04\/mc1103-640x703.jpg 640w, https:\/\/vietcard.com.vn\/en\/wp-content\/uploads\/2018\/04\/mc1103-400x439.jpg 400w, https:\/\/vietcard.com.vn\/en\/wp-content\/uploads\/2018\/04\/mc1103-600x659.jpg 600w\" sizes=\"auto, (max-width: 1000px) 100vw, 1000px\" \/><\/p>\n<p>&nbsp;<\/p>\n","protected":false},"excerpt":{"rendered":"<p><strong>In th\u1ebb \u0111\u1ecbnh danh ch\u01b0a bao gi\u1edd d\u1ec5 \u0111\u1ebfn th\u1ebf<\/strong><\/p>\n<p><strong>Matica MC110<\/strong> \u0111\u00e3 \u0111\u01b0\u1ee3c thi\u1ebft k\u1ebf \u0111\u1ec3 \u0111\u01a1n gi\u1ea3n h\u00f3a vi\u1ec7c ph\u00e1t h\u00e0nh th\u1ebb nh\u1edd ho\u1ea1t \u0111\u1ed9ng \u201cPlug &amp; print\u201d th\u00e2n thi\u1ec7n v\u1edbi ng\u01b0\u1eddi d\u00f9ng.<\/p>\n<p><strong>MC110 mang \u0111\u1ebfn:<\/strong><br \/>\n\u2023 \u0110\u1ed9 ph\u00e2n gi\u1ea3i 300dpi<br \/>\n\u2023 In m\u00e0u l\u00ean t\u1edbi 150 th\u1ebb\/gi\u1edd<br \/>\n\u2023 N\u00e2ng c\u1ea5p in m\u1ed9t m\u1eb7t sang hai m\u1eb7t<br \/>\n\u2023 C\u1ea5u t\u1ea1o m\u1ea1nh m\u1ebd, \u0111\u00e1ng tin c\u1eady<br \/>\n\u2023 M\u00e3 ho\u00e1 th\u1ebb chip th\u00f4ng minh DI<br \/>\n\u2023 B\u1ea3o h\u00e0nh 02 n\u0103m<br \/>\n<strong>L\u00fd t\u01b0\u1edfng cho:<\/strong><br \/>\n\u2023 Ph\u00e1t h\u00e0nh th\u1ebb s\u1ed1 l\u01b0\u1ee3ng v\u1eeba<br \/>\nv\u00e0 nh\u1ecf<\/p>\n","protected":false},"featured_media":5123,"comment_status":"open","ping_status":"closed","template":"","meta":{"content-type":""},"product_cat":[49,38],"product_tag":[108],"class_list":{"0":"post-1363","1":"product","2":"type-product","3":"status-publish","4":"has-post-thumbnail","6":"product_cat-may-in-destop","7":"product_cat-thiet-bi","8":"product_tag-may-in-desktop","10":"first","11":"instock","12":"featured","13":"shipping-taxable","14":"product-type-simple","15":"add-to-wishlist-after_add_to_cart"},"_links":{"self":[{"href":"https:\/\/vietcard.com.vn\/en\/index.php\/wp-json\/wp\/v2\/product\/1363","targetHints":{"allow":["GET"]}}],"collection":[{"href":"https:\/\/vietcard.com.vn\/en\/index.php\/wp-json\/wp\/v2\/product"}],"about":[{"href":"https:\/\/vietcard.com.vn\/en\/index.php\/wp-json\/wp\/v2\/types\/product"}],"replies":[{"embeddable":true,"href":"https:\/\/vietcard.com.vn\/en\/index.php\/wp-json\/wp\/v2\/comments?post=1363"}],"wp:featuredmedia":[{"embeddable":true,"href":"https:\/\/vietcard.com.vn\/en\/index.php\/wp-json\/wp\/v2\/media\/5123"}],"wp:attachment":[{"href":"https:\/\/vietcard.com.vn\/en\/index.php\/wp-json\/wp\/v2\/media?parent=1363"}],"wp:term":[{"taxonomy":"product_cat","embeddable":true,"href":"https:\/\/vietcard.com.vn\/en\/index.php\/wp-json\/wp\/v2\/product_cat?post=1363"},{"taxonomy":"product_tag","embeddable":true,"href":"https:\/\/vietcard.com.vn\/en\/index.php\/wp-json\/wp\/v2\/product_tag?post=1363"}],"curies":[{"name":"wp","href":"https:\/\/api.w.org\/{rel}","templated":true}]}}